{"id":813,"date":"2024-12-09T18:19:39","date_gmt":"2024-12-09T18:19:39","guid":{"rendered":"https:\/\/thog.is\/?page_id=813"},"modified":"2024-12-18T10:06:37","modified_gmt":"2024-12-18T10:06:37","slug":"thok-og-thakkantar","status":"publish","type":"page","link":"https:\/\/thog.is\/?page_id=813","title":{"rendered":"\u00de\u00f6k og \u00feakkantar"},"content":{"rendered":"\t\t<div data-elementor-type=\"wp-page\" data-elementor-id=\"813\" class=\"elementor elementor-813\" data-elementor-post-type=\"page\">\n\t\t\t\t<div class=\"elementor-element elementor-element-c82e3a8 e-flex e-con-boxed e-con e-parent\" data-id=\"c82e3a8\" data-element_type=\"container\" data-e-type=\"container\">\n\t\t\t\t\t<div class=\"e-con-inner\">\n\t\t\t\t<div class=\"elementor-element elementor-element-450cdad elementor-widget elementor-widget-text-editor\" data-id=\"450cdad\" data-element_type=\"widget\" data-e-type=\"widget\" data-widget_type=\"text-editor.default\">\n\t\t\t\t<div class=\"elementor-widget-container\">\n\t\t\t\t\t\t\t\t\t<p>\u00deak og \u00feakkantar<\/p>\t\t\t\t\t\t\t\t<\/div>\n\t\t\t\t<\/div>\n\t\t\t\t\t<\/div>\n\t\t\t\t<\/div>\n\t\t<div class=\"elementor-element elementor-element-8b1ab76 e-con-full e-flex e-con e-parent\" data-id=\"8b1ab76\" data-element_type=\"container\" data-e-type=\"container\">\n\t\t<div class=\"elementor-element elementor-element-dce368d e-con-full e-flex e-con e-child\" data-id=\"dce368d\" data-element_type=\"container\" data-e-type=\"container\">\n\t\t\t\t<div class=\"elementor-element elementor-element-9130d38 elementor-widget elementor-widget-video\" data-id=\"9130d38\" data-element_type=\"widget\" data-e-type=\"widget\" data-settings=\"{&quot;video_type&quot;:&quot;hosted&quot;,&quot;mute&quot;:&quot;yes&quot;,&quot;loop&quot;:&quot;yes&quot;,&quot;start&quot;:0,&quot;controls&quot;:&quot;yes&quot;}\" data-widget_type=\"video.default\">\n\t\t\t\t<div class=\"elementor-widget-container\">\n\t\t\t\t\t\t\t<div class=\"e-hosted-video elementor-wrapper elementor-open-inline\">\n\t\t\t\t\t<video class=\"elementor-video\" src=\"https:\/\/thog.is\/wp-content\/uploads\/2024\/12\/DJI_0541-Trim.mov\" loop=\"\" controls=\"\" preload=\"metadata\" muted=\"muted\" controlsList=\"nodownload\"><\/video>\n\t\t\t\t<\/div>\n\t\t\t\t\t\t<\/div>\n\t\t\t\t<\/div>\n\t\t\t\t<\/div>\n\t\t<div class=\"elementor-element elementor-element-bc5cfbe e-con-full e-flex e-con e-child\" data-id=\"bc5cfbe\" data-element_type=\"container\" data-e-type=\"container\">\n\t\t\t\t<div class=\"elementor-element elementor-element-dcb01de elementor-widget elementor-widget-video\" data-id=\"dcb01de\" data-element_type=\"widget\" data-e-type=\"widget\" data-settings=\"{&quot;video_type&quot;:&quot;hosted&quot;,&quot;mute&quot;:&quot;yes&quot;,&quot;loop&quot;:&quot;yes&quot;,&quot;controls&quot;:&quot;yes&quot;}\" data-widget_type=\"video.default\">\n\t\t\t\t<div class=\"elementor-widget-container\">\n\t\t\t\t\t\t\t<div class=\"e-hosted-video elementor-wrapper elementor-open-inline\">\n\t\t\t\t\t<video class=\"elementor-video\" src=\"https:\/\/thog.is\/wp-content\/uploads\/2024\/12\/DJI_0651-Trim-Trim.mov\" loop=\"\" controls=\"\" preload=\"metadata\" muted=\"muted\" controlsList=\"nodownload\"><\/video>\n\t\t\t\t<\/div>\n\t\t\t\t\t\t<\/div>\n\t\t\t\t<\/div>\n\t\t\t\t<\/div>\n\t\t\t\t<\/div>\n\t\t<div class=\"elementor-element elementor-element-050bc2f e-con-full e-flex e-con e-parent\" data-id=\"050bc2f\" data-element_type=\"container\" data-e-type=\"container\" data-settings=\"{&quot;background_background&quot;:&quot;classic&quot;}\">\n\t\t\t\t<div class=\"elementor-element elementor-element-c8d00cc elementor-widget elementor-widget-text-editor\" data-id=\"c8d00cc\" data-element_type=\"widget\" data-e-type=\"widget\" data-widget_type=\"text-editor.default\">\n\t\t\t\t<div class=\"elementor-widget-container\">\n\t\t\t\t\t\t\t\t\t<p>Hven\u00e6r er kominn t\u00edmi \u00e1 \u00feakskipti og hvers vegna?<\/p>\t\t\t\t\t\t\t\t<\/div>\n\t\t\t\t<\/div>\n\t\t\t\t<\/div>\n\t\t<div class=\"elementor-element elementor-element-00dd976 e-con-full e-flex e-con e-parent\" data-id=\"00dd976\" data-element_type=\"container\" data-e-type=\"container\" data-settings=\"{&quot;background_background&quot;:&quot;classic&quot;}\">\n\t\t\t\t<div class=\"elementor-element elementor-element-e964d14 elementor-widget elementor-widget-text-editor\" data-id=\"e964d14\" data-element_type=\"widget\" data-e-type=\"widget\" data-widget_type=\"text-editor.default\">\n\t\t\t\t<div class=\"elementor-widget-container\">\n\t\t\t\t\t\t\t\t\t<p>Ef vart ver\u00f0ur vi\u00f0 leka, e\u00f0a byrja\u00f0 er a\u00f0 sj\u00e1 \u00e1 \u00feakkl\u00e6\u00f0ningu er mikilv\u00e6gt a\u00f0 taka \u00e1 \u00fev\u00ed um lei\u00f0. A\u00f0 fresta \u00feakvi\u00f0ger\u00f0 er me\u00f0 \u00fev\u00ed d\u00fdrasta sem h\u00e6gt er a\u00f0 gera. Oft byrja \u00feakvandam\u00e1l \u00e1 sm\u00e1atri\u00f0um sem \u00f3d\u00fdrt er a\u00f0 laga. D\u00e6mi um \u00fea\u00f0 er \u00feegar \u00feak hefur veri\u00f0i neglt ni\u00f0ur en ekki skr\u00fafa\u00f0 og naglar byrja\u00f0ir a\u00f0 losna fr\u00e1 sperrum. H\u00e6gt er a\u00f0 skipta \u00fat n\u00f6glum fyrir skr\u00fafur, annars er h\u00e6tta \u00e1 leka, \u00feaksprerrurnar geta ey\u00f0ilagst og tug\u00fe\u00fasunda vi\u00f0ger\u00f0 or\u00f0i\u00f0 a\u00f0 millj\u00f3na vi\u00f0ger\u00f0.<\/p>\t\t\t\t\t\t\t\t<\/div>\n\t\t\t\t<\/div>\n\t\t\t\t<\/div>\n\t\t<div class=\"elementor-element elementor-element-2625bc8 e-flex e-con-boxed e-con e-parent\" data-id=\"2625bc8\" data-element_type=\"container\" data-e-type=\"container\">\n\t\t\t\t\t<div class=\"e-con-inner\">\n\t\t<div class=\"elementor-element elementor-element-455cc2a e-con-full e-flex e-con e-child\" data-id=\"455cc2a\" data-element_type=\"container\" data-e-type=\"container\">\n\t\t\t\t<div class=\"elementor-element elementor-element-b301cf9 elementor-widget elementor-widget-image\" data-id=\"b301cf9\" data-element_type=\"widget\" data-e-type=\"widget\" data-widget_type=\"image.default\">\n\t\t\t\t<div class=\"elementor-widget-container\">\n\t\t\t\t\t\t\t\t\t\t\t\t\t\t\t<img decoding=\"async\" src=\"https:\/\/thog.is\/wp-content\/uploads\/elementor\/thumbs\/DJI_0757-qycsw7o7iuj5c715gb6l2td52uwelm320gq0fempvk.png\" title=\"DJI_0757\" alt=\"DJI_0757\" loading=\"lazy\" \/>\t\t\t\t\t\t\t\t\t\t\t\t\t\t\t<\/div>\n\t\t\t\t<\/div>\n\t\t\t\t<\/div>\n\t\t<div class=\"elementor-element elementor-element-1cf78af e-con-full e-flex e-con e-child\" data-id=\"1cf78af\" data-element_type=\"container\" data-e-type=\"container\">\n\t\t\t\t<div class=\"elementor-element elementor-element-149f56e elementor-widget elementor-widget-video\" data-id=\"149f56e\" data-element_type=\"widget\" data-e-type=\"widget\" data-settings=\"{&quot;video_type&quot;:&quot;hosted&quot;,&quot;loop&quot;:&quot;yes&quot;,&quot;controls&quot;:&quot;yes&quot;}\" data-widget_type=\"video.default\">\n\t\t\t\t<div class=\"elementor-widget-container\">\n\t\t\t\t\t\t\t<div class=\"e-hosted-video elementor-wrapper elementor-open-inline\">\n\t\t\t\t\t<video class=\"elementor-video\" src=\"https:\/\/thog.is\/wp-content\/uploads\/2024\/12\/DJI_0751-Trim-Trim.mov\" loop=\"\" controls=\"\" preload=\"metadata\" controlsList=\"nodownload\"><\/video>\n\t\t\t\t<\/div>\n\t\t\t\t\t\t<\/div>\n\t\t\t\t<\/div>\n\t\t\t\t<\/div>\n\t\t\t\t\t<\/div>\n\t\t\t\t<\/div>\n\t\t<div class=\"elementor-element elementor-element-5b59bac e-flex e-con-boxed e-con e-parent\" data-id=\"5b59bac\" data-element_type=\"container\" data-e-type=\"container\">\n\t\t\t\t\t<div class=\"e-con-inner\">\n\t\t<div class=\"elementor-element elementor-element-9a8b60c e-con-full e-flex e-con e-child\" data-id=\"9a8b60c\" data-element_type=\"container\" data-e-type=\"container\">\n\t\t<div class=\"elementor-element elementor-element-8ed7836 e-con-full e-flex e-con e-child\" data-id=\"8ed7836\" data-element_type=\"container\" data-e-type=\"container\" data-settings=\"{&quot;background_background&quot;:&quot;classic&quot;}\">\n\t\t\t\t<div class=\"elementor-element elementor-element-a226b64 elementor-widget elementor-widget-text-editor\" data-id=\"a226b64\" data-element_type=\"widget\" data-e-type=\"widget\" data-widget_type=\"text-editor.default\">\n\t\t\t\t<div class=\"elementor-widget-container\">\n\t\t\t\t\t\t\t\t\t<p>\u00deakkl\u00e6\u00f0ning<\/p>\t\t\t\t\t\t\t\t<\/div>\n\t\t\t\t<\/div>\n\t\t\t\t<\/div>\n\t\t<div class=\"elementor-element elementor-element-8c17e93 e-con-full e-flex e-con e-child\" data-id=\"8c17e93\" data-element_type=\"container\" data-e-type=\"container\" data-settings=\"{&quot;background_background&quot;:&quot;classic&quot;}\">\n\t\t\t\t<div class=\"elementor-element elementor-element-abbd91d elementor-widget elementor-widget-text-editor\" data-id=\"abbd91d\" data-element_type=\"widget\" data-e-type=\"widget\" data-widget_type=\"text-editor.default\">\n\t\t\t\t<div class=\"elementor-widget-container\">\n\t\t\t\t\t\t\t\t\t<p>\u00deaki\u00f0 er ein helsta v\u00f6rn h\u00fassins gegn leka og \u00fev\u00ed mikilv\u00e6gt a\u00f0 vi\u00f0halda \u00fev\u00ed vel. Vi\u00f0 hj\u00e1 \u00deak og gluggum ehf, leggjum metna\u00f0 \u00ed v\u00f6ndu\u00f0 vinnubr\u00f6g\u00f0 og h\u00f6fum mikla reynslu \u00ed a\u00f0 laga e\u00f0a endurn\u00fdja \u00feakkl\u00e6\u00f0ningar.<\/p>\t\t\t\t\t\t\t\t<\/div>\n\t\t\t\t<\/div>\n\t\t\t\t<\/div>\n\t\t\t\t<\/div>\n\t\t<div class=\"elementor-element elementor-element-a58e081 e-con-full e-flex e-con e-child\" data-id=\"a58e081\" data-element_type=\"container\" data-e-type=\"container\">\n\t\t\t\t<div class=\"elementor-element elementor-element-b3b585d elementor-widget elementor-widget-image\" data-id=\"b3b585d\" data-element_type=\"widget\" data-e-type=\"widget\" data-widget_type=\"image.default\">\n\t\t\t\t<div class=\"elementor-widget-container\">\n\t\t\t\t\t\t\t\t\t\t\t\t\t\t\t<img fetchpriority=\"high\" decoding=\"async\" width=\"1024\" height=\"683\" src=\"https:\/\/thog.is\/wp-content\/uploads\/2024\/12\/DJI_0138-1024x683.png\" class=\"attachment-large size-large wp-image-1469\" alt=\"\" srcset=\"https:\/\/thog.is\/wp-content\/uploads\/2024\/12\/DJI_0138-1024x683.png 1024w, https:\/\/thog.is\/wp-content\/uploads\/2024\/12\/DJI_0138-300x200.png 300w, https:\/\/thog.is\/wp-content\/uploads\/2024\/12\/DJI_0138-768x512.png 768w, https:\/\/thog.is\/wp-content\/uploads\/2024\/12\/DJI_0138.png 1080w\" sizes=\"(max-width: 1024px) 100vw, 1024px\" \/>\t\t\t\t\t\t\t\t\t\t\t\t\t\t\t<\/div>\n\t\t\t\t<\/div>\n\t\t\t\t<\/div>\n\t\t\t\t\t<\/div>\n\t\t\t\t<\/div>\n\t\t<div class=\"elementor-element elementor-element-6b56711 e-con-full e-flex e-con e-parent\" data-id=\"6b56711\" data-element_type=\"container\" data-e-type=\"container\" data-settings=\"{&quot;background_background&quot;:&quot;classic&quot;}\">\n\t\t\t\t<div class=\"elementor-element elementor-element-a6cca30 elementor-widget elementor-widget-text-editor\" data-id=\"a6cca30\" data-element_type=\"widget\" data-e-type=\"widget\" data-widget_type=\"text-editor.default\">\n\t\t\t\t<div class=\"elementor-widget-container\">\n\t\t\t\t\t\t\t\t\t<p>Hva\u00f0 gerist ef vi\u00f0hald \u00e1 \u00feakkanti er ekki sinnt n\u00e6gilega vel?<\/p>\t\t\t\t\t\t\t\t<\/div>\n\t\t\t\t<\/div>\n\t\t\t\t<\/div>\n\t\t<div class=\"elementor-element elementor-element-7838b9e e-con-full e-flex e-con e-parent\" data-id=\"7838b9e\" data-element_type=\"container\" data-e-type=\"container\" data-settings=\"{&quot;background_background&quot;:&quot;classic&quot;}\">\n\t\t\t\t<div class=\"elementor-element elementor-element-f9889b4 elementor-widget elementor-widget-text-editor\" data-id=\"f9889b4\" data-element_type=\"widget\" data-e-type=\"widget\" data-widget_type=\"text-editor.default\">\n\t\t\t\t<div class=\"elementor-widget-container\">\n\t\t\t\t\t\t\t\t\t<p>Algengt er a\u00f0 skemmdir \u00feakkantar s\u00e9u hunsa\u00f0ir of lengi, en \u00fea\u00f0 getur leitt til \u00feess a\u00f0 vatn komist a\u00f0 bur\u00f0arsperrum \u00feaksins og \u00fe\u00e6r morkni ni\u00f0ur. \u00dea\u00f0 gerir vi\u00f0ger\u00f0ina margfalt d\u00fdrari. Einnig geta fallandi \u00feakkantar leitt til slysa \u00e1 f\u00f3lki og farart\u00e6kjum sem h\u00faseigendur bera <a href=\"https:\/\/www.mbl.is\/frettir\/innlent\/2014\/12\/21\/akkantur_fell_a_konu_i_hafnarstraeti\/\" target=\"_blank\" rel=\"noopener\">\u00e1byrg\u00f0 \u00e1<\/a><\/p>\t\t\t\t\t\t\t\t<\/div>\n\t\t\t\t<\/div>\n\t\t\t\t<\/div>\n\t\t<div class=\"elementor-element elementor-element-23a324e e-flex e-con-boxed e-con e-parent\" data-id=\"23a324e\" data-element_type=\"container\" data-e-type=\"container\">\n\t\t\t\t\t<div class=\"e-con-inner\">\n\t\t<div class=\"elementor-element elementor-element-6b24f6a e-con-full e-flex e-con e-child\" data-id=\"6b24f6a\" data-element_type=\"container\" data-e-type=\"container\">\n\t\t\t\t<div class=\"elementor-element elementor-element-6a5a670 elementor-widget elementor-widget-image\" data-id=\"6a5a670\" data-element_type=\"widget\" data-e-type=\"widget\" data-widget_type=\"image.default\">\n\t\t\t\t<div class=\"elementor-widget-container\">\n\t\t\t\t\t\t\t\t\t\t\t\t\t\t\t<img decoding=\"async\" width=\"1080\" height=\"720\" src=\"https:\/\/thog.is\/wp-content\/uploads\/2024\/12\/DJI_0116.png\" class=\"attachment-full size-full wp-image-1953\" alt=\"\" srcset=\"https:\/\/thog.is\/wp-content\/uploads\/2024\/12\/DJI_0116.png 1080w, https:\/\/thog.is\/wp-content\/uploads\/2024\/12\/DJI_0116-300x200.png 300w, https:\/\/thog.is\/wp-content\/uploads\/2024\/12\/DJI_0116-1024x683.png 1024w, https:\/\/thog.is\/wp-content\/uploads\/2024\/12\/DJI_0116-768x512.png 768w\" sizes=\"(max-width: 1080px) 100vw, 1080px\" \/>\t\t\t\t\t\t\t\t\t\t\t\t\t\t\t<\/div>\n\t\t\t\t<\/div>\n\t\t\t\t<\/div>\n\t\t<div class=\"elementor-element elementor-element-8c4f9b8 e-con-full e-flex e-con e-child\" data-id=\"8c4f9b8\" data-element_type=\"container\" data-e-type=\"container\">\n\t\t\t\t<div class=\"elementor-element elementor-element-de71191 elementor-widget elementor-widget-image\" data-id=\"de71191\" data-element_type=\"widget\" data-e-type=\"widget\" data-widget_type=\"image.default\">\n\t\t\t\t<div class=\"elementor-widget-container\">\n\t\t\t\t\t\t\t\t\t\t\t\t\t\t\t<img decoding=\"async\" width=\"1024\" height=\"683\" src=\"https:\/\/thog.is\/wp-content\/uploads\/2024\/12\/DJI_0137-1024x683.png\" class=\"attachment-large size-large wp-image-1954\" alt=\"\" srcset=\"https:\/\/thog.is\/wp-content\/uploads\/2024\/12\/DJI_0137-1024x683.png 1024w, https:\/\/thog.is\/wp-content\/uploads\/2024\/12\/DJI_0137-300x200.png 300w, https:\/\/thog.is\/wp-content\/uploads\/2024\/12\/DJI_0137-768x512.png 768w, https:\/\/thog.is\/wp-content\/uploads\/2024\/12\/DJI_0137.png 1080w\" sizes=\"(max-width: 1024px) 100vw, 1024px\" \/>\t\t\t\t\t\t\t\t\t\t\t\t\t\t\t<\/div>\n\t\t\t\t<\/div>\n\t\t\t\t<\/div>\n\t\t\t\t\t<\/div>\n\t\t\t\t<\/div>\n\t\t<div class=\"elementor-element elementor-element-5bb003f e-flex e-con-boxed e-con e-parent\" data-id=\"5bb003f\" data-element_type=\"container\" data-e-type=\"container\">\n\t\t\t\t\t<div class=\"e-con-inner\">\n\t\t<div class=\"elementor-element elementor-element-f830d67 e-con-full e-flex e-con e-child\" data-id=\"f830d67\" data-element_type=\"container\" data-e-type=\"container\">\n\t\t\t\t<div class=\"elementor-element elementor-element-d7fe90e elementor-widget elementor-widget-image\" data-id=\"d7fe90e\" data-element_type=\"widget\" data-e-type=\"widget\" data-widget_type=\"image.default\">\n\t\t\t\t<div class=\"elementor-widget-container\">\n\t\t\t\t\t\t\t\t\t\t\t\t\t\t\t<img loading=\"lazy\" decoding=\"async\" width=\"1024\" height=\"683\" src=\"https:\/\/thog.is\/wp-content\/uploads\/2024\/12\/IMG_7622-1024x683.png\" class=\"attachment-large size-large wp-image-1470\" alt=\"\" srcset=\"https:\/\/thog.is\/wp-content\/uploads\/2024\/12\/IMG_7622-1024x683.png 1024w, https:\/\/thog.is\/wp-content\/uploads\/2024\/12\/IMG_7622-300x200.png 300w, https:\/\/thog.is\/wp-content\/uploads\/2024\/12\/IMG_7622-768x512.png 768w, https:\/\/thog.is\/wp-content\/uploads\/2024\/12\/IMG_7622.png 1080w\" sizes=\"(max-width: 1024px) 100vw, 1024px\" \/>\t\t\t\t\t\t\t\t\t\t\t\t\t\t\t<\/div>\n\t\t\t\t<\/div>\n\t\t\t\t<\/div>\n\t\t<div class=\"elementor-element elementor-element-60fd089 e-con-full e-flex e-con e-child\" data-id=\"60fd089\" data-element_type=\"container\" data-e-type=\"container\">\n\t\t\t\t<div class=\"elementor-element elementor-element-87a8946 elementor-widget elementor-widget-image\" data-id=\"87a8946\" data-element_type=\"widget\" data-e-type=\"widget\" data-widget_type=\"image.default\">\n\t\t\t\t<div class=\"elementor-widget-container\">\n\t\t\t\t\t\t\t\t\t\t\t\t\t\t\t<img loading=\"lazy\" decoding=\"async\" width=\"1024\" height=\"683\" src=\"https:\/\/thog.is\/wp-content\/uploads\/2024\/12\/IMG_7630-1024x683.png\" class=\"attachment-large size-large wp-image-1471\" alt=\"\" srcset=\"https:\/\/thog.is\/wp-content\/uploads\/2024\/12\/IMG_7630-1024x683.png 1024w, https:\/\/thog.is\/wp-content\/uploads\/2024\/12\/IMG_7630-300x200.png 300w, https:\/\/thog.is\/wp-content\/uploads\/2024\/12\/IMG_7630-768x512.png 768w, https:\/\/thog.is\/wp-content\/uploads\/2024\/12\/IMG_7630.png 1080w\" sizes=\"(max-width: 1024px) 100vw, 1024px\" \/>\t\t\t\t\t\t\t\t\t\t\t\t\t\t\t<\/div>\n\t\t\t\t<\/div>\n\t\t\t\t<\/div>\n\t\t\t\t\t<\/div>\n\t\t\t\t<\/div>\n\t\t<div class=\"elementor-element elementor-element-ac87277 e-flex e-con-boxed e-con e-parent\" data-id=\"ac87277\" data-element_type=\"container\" data-e-type=\"container\">\n\t\t\t\t\t<div class=\"e-con-inner\">\n\t\t\t\t\t<\/div>\n\t\t\t\t<\/div>\n\t\t\t\t<\/div>\n\t\t","protected":false},"excerpt":{"rendered":"<p>\u00deak og \u00feakkantar https:\/\/thog.is\/wp-content\/uploads\/2024\/12\/DJI_0541-Trim.movhttps:\/\/thog.is\/wp-content\/uploads\/2024\/12\/DJI_0651-Trim-Trim.mov Hven\u00e6r er kominn t\u00edmi \u00e1 \u00feakskipti og hvers vegna? Ef vart ver\u00f0ur vi\u00f0 leka, e\u00f0a byrja\u00f0 er a\u00f0 sj\u00e1 \u00e1 \u00feakkl\u00e6\u00f0ningu<span class=\"more-button\"><a href=\"https:\/\/thog.is\/?page_id=813\" class=\"more-link\">Lesa meira<span class=\"screen-reader-text\">\u00de\u00f6k og \u00feakkantar<\/span><\/a><\/span><\/p>\n","protected":false},"author":1,"featured_media":0,"parent":0,"menu_order":0,"comment_status":"closed","ping_status":"closed","template":"templates\/full-width-page.php","meta":{"footnotes":""},"class_list":["post-813","page","type-page","status-publish","hentry"],"_links":{"self":[{"href":"https:\/\/thog.is\/index.php?rest_route=\/wp\/v2\/pages\/813","targetHints":{"allow":["GET"]}}],"collection":[{"href":"https:\/\/thog.is\/index.php?rest_route=\/wp\/v2\/pages"}],"about":[{"href":"https:\/\/thog.is\/index.php?rest_route=\/wp\/v2\/types\/page"}],"author":[{"embeddable":true,"href":"https:\/\/thog.is\/index.php?rest_route=\/wp\/v2\/users\/1"}],"replies":[{"embeddable":true,"href":"https:\/\/thog.is\/index.php?rest_route=%2Fwp%2Fv2%2Fcomments&post=813"}],"version-history":[{"count":103,"href":"https:\/\/thog.is\/index.php?rest_route=\/wp\/v2\/pages\/813\/revisions"}],"predecessor-version":[{"id":2180,"href":"https:\/\/thog.is\/index.php?rest_route=\/wp\/v2\/pages\/813\/revisions\/2180"}],"wp:attachment":[{"href":"https:\/\/thog.is\/index.php?rest_route=%2Fwp%2Fv2%2Fmedia&parent=813"}],"curies":[{"name":"wp","href":"https:\/\/api.w.org\/{rel}","templated":true}]}}