{"id":811,"date":"2024-12-09T18:30:29","date_gmt":"2024-12-09T18:30:29","guid":{"rendered":"https:\/\/thog.is\/?page_id=811"},"modified":"2025-03-06T15:30:44","modified_gmt":"2025-03-06T15:30:44","slug":"rennur-og-nidurfoll","status":"publish","type":"page","link":"https:\/\/thog.is\/?page_id=811","title":{"rendered":"Rennur og ni\u00f0urf\u00f6ll"},"content":{"rendered":"\t\t<div data-elementor-type=\"wp-page\" data-elementor-id=\"811\" class=\"elementor elementor-811\" data-elementor-post-type=\"page\">\n\t\t\t\t<div class=\"elementor-element elementor-element-09c71d8 e-flex e-con-boxed e-con e-parent\" data-id=\"09c71d8\" data-element_type=\"container\" data-e-type=\"container\">\n\t\t\t\t\t<div class=\"e-con-inner\">\n\t\t\t\t<div class=\"elementor-element elementor-element-e6d330e elementor-widget elementor-widget-text-editor\" data-id=\"e6d330e\" data-element_type=\"widget\" data-e-type=\"widget\" data-widget_type=\"text-editor.default\">\n\t\t\t\t<div class=\"elementor-widget-container\">\n\t\t\t\t\t\t\t\t\t<p>Rennur og ni\u00f0urf\u00f6ll<\/p>\t\t\t\t\t\t\t\t<\/div>\n\t\t\t\t<\/div>\n\t\t\t\t\t<\/div>\n\t\t\t\t<\/div>\n\t\t<div class=\"elementor-element elementor-element-421d7c8 e-flex e-con-boxed e-con e-parent\" data-id=\"421d7c8\" data-element_type=\"container\" data-e-type=\"container\">\n\t\t\t\t\t<div class=\"e-con-inner\">\n\t\t<div class=\"elementor-element elementor-element-697ae4d e-con-full e-flex e-con e-child\" data-id=\"697ae4d\" data-element_type=\"container\" data-e-type=\"container\">\n\t\t\t\t<div class=\"elementor-element elementor-element-d084015 elementor-widget elementor-widget-image\" data-id=\"d084015\" data-element_type=\"widget\" data-e-type=\"widget\" data-widget_type=\"image.default\">\n\t\t\t\t<div class=\"elementor-widget-container\">\n\t\t\t\t\t\t\t\t\t\t\t\t\t\t\t<img fetchpriority=\"high\" decoding=\"async\" width=\"1024\" height=\"683\" src=\"https:\/\/thog.is\/wp-content\/uploads\/2024\/11\/thakrennur-og-nidurfoll-1024x683.png\" class=\"attachment-large size-large wp-image-523\" alt=\"\" srcset=\"https:\/\/thog.is\/wp-content\/uploads\/2024\/11\/thakrennur-og-nidurfoll-1024x683.png 1024w, https:\/\/thog.is\/wp-content\/uploads\/2024\/11\/thakrennur-og-nidurfoll-300x200.png 300w, https:\/\/thog.is\/wp-content\/uploads\/2024\/11\/thakrennur-og-nidurfoll-768x512.png 768w, https:\/\/thog.is\/wp-content\/uploads\/2024\/11\/thakrennur-og-nidurfoll.png 1080w\" sizes=\"(max-width: 1024px) 100vw, 1024px\" \/>\t\t\t\t\t\t\t\t\t\t\t\t\t\t\t<\/div>\n\t\t\t\t<\/div>\n\t\t\t\t<\/div>\n\t\t<div class=\"elementor-element elementor-element-3275aa3 e-con-full e-flex e-con e-child\" data-id=\"3275aa3\" data-element_type=\"container\" data-e-type=\"container\">\n\t\t<div class=\"elementor-element elementor-element-268ae8f e-con-full e-flex e-con e-child\" data-id=\"268ae8f\" data-element_type=\"container\" data-e-type=\"container\" data-settings=\"{&quot;background_background&quot;:&quot;classic&quot;}\">\n\t\t\t\t<div class=\"elementor-element elementor-element-4663714 elementor-widget elementor-widget-text-editor\" data-id=\"4663714\" data-element_type=\"widget\" data-e-type=\"widget\" data-widget_type=\"text-editor.default\">\n\t\t\t\t<div class=\"elementor-widget-container\">\n\t\t\t\t\t\t\t\t\t<p>Endurn\u00fdjun<\/p>\t\t\t\t\t\t\t\t<\/div>\n\t\t\t\t<\/div>\n\t\t\t\t<\/div>\n\t\t<div class=\"elementor-element elementor-element-0840d63 e-con-full e-flex e-con e-child\" data-id=\"0840d63\" data-element_type=\"container\" data-e-type=\"container\" data-settings=\"{&quot;background_background&quot;:&quot;classic&quot;}\">\n\t\t\t\t<\/div>\n\t\t\t\t<\/div>\n\t\t\t\t\t<\/div>\n\t\t\t\t<\/div>\n\t\t<div class=\"elementor-element elementor-element-76f0a04 e-flex e-con-boxed e-con e-parent\" data-id=\"76f0a04\" data-element_type=\"container\" data-e-type=\"container\">\n\t\t\t\t\t<div class=\"e-con-inner\">\n\t\t<div class=\"elementor-element elementor-element-e97f209 e-con-full e-flex e-con e-child\" data-id=\"e97f209\" data-element_type=\"container\" data-e-type=\"container\">\n\t\t<div class=\"elementor-element elementor-element-e5503dc e-con-full e-flex e-con e-child\" data-id=\"e5503dc\" data-element_type=\"container\" data-e-type=\"container\" data-settings=\"{&quot;background_background&quot;:&quot;classic&quot;}\">\n\t\t\t\t<div class=\"elementor-element elementor-element-3bcba06 elementor-widget elementor-widget-text-editor\" data-id=\"3bcba06\" data-element_type=\"widget\" data-e-type=\"widget\" data-widget_type=\"text-editor.default\">\n\t\t\t\t<div class=\"elementor-widget-container\">\n\t\t\t\t\t\t\t\t\t<p>Vi\u00f0hald<\/p>\t\t\t\t\t\t\t\t<\/div>\n\t\t\t\t<\/div>\n\t\t\t\t<\/div>\n\t\t<div class=\"elementor-element elementor-element-8ecb80a e-con-full e-flex e-con e-child\" data-id=\"8ecb80a\" data-element_type=\"container\" data-e-type=\"container\" data-settings=\"{&quot;background_background&quot;:&quot;classic&quot;}\">\n\t\t\t\t<\/div>\n\t\t\t\t<\/div>\n\t\t<div class=\"elementor-element elementor-element-4be7ccc e-con-full e-flex e-con e-child\" data-id=\"4be7ccc\" data-element_type=\"container\" data-e-type=\"container\">\n\t\t\t\t<div class=\"elementor-element elementor-element-ec0ad9a elementor-widget elementor-widget-image\" data-id=\"ec0ad9a\" data-element_type=\"widget\" data-e-type=\"widget\" data-widget_type=\"image.default\">\n\t\t\t\t<div class=\"elementor-widget-container\">\n\t\t\t\t\t\t\t\t\t\t\t\t\t\t\t<img decoding=\"async\" width=\"1024\" height=\"683\" src=\"https:\/\/thog.is\/wp-content\/uploads\/2024\/12\/20220228_140638-1024x683.png\" class=\"attachment-large size-large wp-image-1449\" alt=\"\" srcset=\"https:\/\/thog.is\/wp-content\/uploads\/2024\/12\/20220228_140638-1024x683.png 1024w, https:\/\/thog.is\/wp-content\/uploads\/2024\/12\/20220228_140638-300x200.png 300w, https:\/\/thog.is\/wp-content\/uploads\/2024\/12\/20220228_140638-768x512.png 768w, https:\/\/thog.is\/wp-content\/uploads\/2024\/12\/20220228_140638.png 1080w\" sizes=\"(max-width: 1024px) 100vw, 1024px\" \/>\t\t\t\t\t\t\t\t\t\t\t\t\t\t\t<\/div>\n\t\t\t\t<\/div>\n\t\t\t\t<\/div>\n\t\t\t\t\t<\/div>\n\t\t\t\t<\/div>\n\t\t<div class=\"elementor-element elementor-element-84aa0e2 e-flex e-con-boxed e-con e-parent\" data-id=\"84aa0e2\" data-element_type=\"container\" data-e-type=\"container\">\n\t\t\t\t\t<div class=\"e-con-inner\">\n\t\t<div class=\"elementor-element elementor-element-237bbda e-con-full e-flex e-con e-child\" data-id=\"237bbda\" data-element_type=\"container\" data-e-type=\"container\">\n\t\t\t\t<div class=\"elementor-element elementor-element-d6f24ae elementor-widget elementor-widget-image\" data-id=\"d6f24ae\" data-element_type=\"widget\" data-e-type=\"widget\" data-widget_type=\"image.default\">\n\t\t\t\t<div class=\"elementor-widget-container\">\n\t\t\t\t\t\t\t\t\t\t\t\t\t\t\t<img decoding=\"async\" width=\"1024\" height=\"683\" src=\"https:\/\/thog.is\/wp-content\/uploads\/2025\/03\/12092012329-1024x683.png\" class=\"attachment-large size-large wp-image-2359\" alt=\"\" srcset=\"https:\/\/thog.is\/wp-content\/uploads\/2025\/03\/12092012329-1024x683.png 1024w, https:\/\/thog.is\/wp-content\/uploads\/2025\/03\/12092012329-300x200.png 300w, https:\/\/thog.is\/wp-content\/uploads\/2025\/03\/12092012329-768x512.png 768w, https:\/\/thog.is\/wp-content\/uploads\/2025\/03\/12092012329.png 1080w\" sizes=\"(max-width: 1024px) 100vw, 1024px\" \/>\t\t\t\t\t\t\t\t\t\t\t\t\t\t\t<\/div>\n\t\t\t\t<\/div>\n\t\t\t\t<\/div>\n\t\t<div class=\"elementor-element elementor-element-0fd345f e-con-full e-flex e-con e-child\" data-id=\"0fd345f\" data-element_type=\"container\" data-e-type=\"container\">\n\t\t<div class=\"elementor-element elementor-element-977f089 e-con-full e-flex e-con e-child\" data-id=\"977f089\" data-element_type=\"container\" data-e-type=\"container\" data-settings=\"{&quot;background_background&quot;:&quot;classic&quot;}\">\n\t\t\t\t<div class=\"elementor-element elementor-element-49cdc5a elementor-widget elementor-widget-text-editor\" data-id=\"49cdc5a\" data-element_type=\"widget\" data-e-type=\"widget\" data-widget_type=\"text-editor.default\">\n\t\t\t\t<div class=\"elementor-widget-container\">\n\t\t\t\t\t\t\t\t\t<p>Hreinsun<\/p>\t\t\t\t\t\t\t\t<\/div>\n\t\t\t\t<\/div>\n\t\t\t\t<\/div>\n\t\t<div class=\"elementor-element elementor-element-c59de83 e-con-full e-flex e-con e-child\" data-id=\"c59de83\" data-element_type=\"container\" data-e-type=\"container\" data-settings=\"{&quot;background_background&quot;:&quot;classic&quot;}\">\n\t\t\t\t<\/div>\n\t\t\t\t<\/div>\n\t\t\t\t\t<\/div>\n\t\t\t\t<\/div>\n\t\t<div class=\"elementor-element elementor-element-53c9123 e-flex e-con-boxed e-con e-parent\" data-id=\"53c9123\" data-element_type=\"container\" data-e-type=\"container\">\n\t\t\t\t\t<div class=\"e-con-inner\">\n\t\t\t\t\t<\/div>\n\t\t\t\t<\/div>\n\t\t\t\t<\/div>\n\t\t","protected":false},"excerpt":{"rendered":"<p>Rennur og ni\u00f0urf\u00f6ll Endurn\u00fdjun Vi\u00f0hald Hreinsun<\/p>\n","protected":false},"author":1,"featured_media":0,"parent":0,"menu_order":0,"comment_status":"closed","ping_status":"closed","template":"templates\/full-width-page.php","meta":{"footnotes":""},"class_list":["post-811","page","type-page","status-publish","hentry"],"_links":{"self":[{"href":"https:\/\/thog.is\/index.php?rest_route=\/wp\/v2\/pages\/811","targetHints":{"allow":["GET"]}}],"collection":[{"href":"https:\/\/thog.is\/index.php?rest_route=\/wp\/v2\/pages"}],"about":[{"href":"https:\/\/thog.is\/index.php?rest_route=\/wp\/v2\/types\/page"}],"author":[{"embeddable":true,"href":"https:\/\/thog.is\/index.php?rest_route=\/wp\/v2\/users\/1"}],"replies":[{"embeddable":true,"href":"https:\/\/thog.is\/index.php?rest_route=%2Fwp%2Fv2%2Fcomments&post=811"}],"version-history":[{"count":46,"href":"https:\/\/thog.is\/index.php?rest_route=\/wp\/v2\/pages\/811\/revisions"}],"predecessor-version":[{"id":2365,"href":"https:\/\/thog.is\/index.php?rest_route=\/wp\/v2\/pages\/811\/revisions\/2365"}],"wp:attachment":[{"href":"https:\/\/thog.is\/index.php?rest_route=%2Fwp%2Fv2%2Fmedia&parent=811"}],"curies":[{"name":"wp","href":"https:\/\/api.w.org\/{rel}","templated":true}]}}