{"id":351,"date":"2024-11-12T10:31:13","date_gmt":"2024-11-12T10:31:13","guid":{"rendered":"https:\/\/thog.is\/?page_id=351"},"modified":"2024-12-18T10:30:32","modified_gmt":"2024-12-18T10:30:32","slug":"husfelaga-og-fyrirtaekjathjonusta","status":"publish","type":"page","link":"https:\/\/thog.is\/?page_id=351","title":{"rendered":"H\u00fasf\u00e9laga- og fyrirt\u00e6kja\u00fej\u00f3nusta"},"content":{"rendered":"\t\t<div data-elementor-type=\"wp-page\" data-elementor-id=\"351\" class=\"elementor elementor-351\" data-elementor-post-type=\"page\">\n\t\t\t\t<div class=\"elementor-element elementor-element-1d91fcb e-flex e-con-boxed e-con e-parent\" data-id=\"1d91fcb\" data-element_type=\"container\" data-e-type=\"container\">\n\t\t\t\t\t<div class=\"e-con-inner\">\n\t\t\t\t<div class=\"elementor-element elementor-element-cbd69ae elementor-widget elementor-widget-text-editor\" data-id=\"cbd69ae\" data-element_type=\"widget\" data-e-type=\"widget\" data-widget_type=\"text-editor.default\">\n\t\t\t\t<div class=\"elementor-widget-container\">\n\t\t\t\t\t\t\t\t\t<p>H\u00fasf\u00e9laga\u00fej\u00f3nusta<\/p>\t\t\t\t\t\t\t\t<\/div>\n\t\t\t\t<\/div>\n\t\t\t\t\t<\/div>\n\t\t\t\t<\/div>\n\t\t<div class=\"elementor-element elementor-element-f9a9242 e-flex e-con-boxed e-con e-parent\" data-id=\"f9a9242\" data-element_type=\"container\" data-e-type=\"container\">\n\t\t\t\t\t<div class=\"e-con-inner\">\n\t\t<div class=\"elementor-element elementor-element-90f3aee e-con-full e-flex e-con e-child\" data-id=\"90f3aee\" data-element_type=\"container\" data-e-type=\"container\">\n\t\t\t\t<div class=\"elementor-element elementor-element-4512df9 elementor-widget elementor-widget-image\" data-id=\"4512df9\" data-element_type=\"widget\" data-e-type=\"widget\" data-widget_type=\"image.default\">\n\t\t\t\t<div class=\"elementor-widget-container\">\n\t\t\t\t\t\t\t\t\t\t\t\t\t\t\t<img fetchpriority=\"high\" decoding=\"async\" width=\"1024\" height=\"683\" src=\"https:\/\/thog.is\/wp-content\/uploads\/2024\/12\/IMG_1481-1024x683.png\" class=\"attachment-large size-large wp-image-915\" alt=\"\" srcset=\"https:\/\/thog.is\/wp-content\/uploads\/2024\/12\/IMG_1481-1024x683.png 1024w, https:\/\/thog.is\/wp-content\/uploads\/2024\/12\/IMG_1481-300x200.png 300w, https:\/\/thog.is\/wp-content\/uploads\/2024\/12\/IMG_1481-768x512.png 768w, https:\/\/thog.is\/wp-content\/uploads\/2024\/12\/IMG_1481.png 1080w\" sizes=\"(max-width: 1024px) 100vw, 1024px\" \/>\t\t\t\t\t\t\t\t\t\t\t\t\t\t\t<\/div>\n\t\t\t\t<\/div>\n\t\t\t\t<\/div>\n\t\t<div class=\"elementor-element elementor-element-c30bad5 e-con-full e-flex e-con e-child\" data-id=\"c30bad5\" data-element_type=\"container\" data-e-type=\"container\">\n\t\t<div class=\"elementor-element elementor-element-a5de09e e-con-full e-flex e-con e-child\" data-id=\"a5de09e\" data-element_type=\"container\" data-e-type=\"container\" data-settings=\"{&quot;background_background&quot;:&quot;classic&quot;}\">\n\t\t\t\t<div class=\"elementor-element elementor-element-3aef4e8 elementor-widget elementor-widget-text-editor\" data-id=\"3aef4e8\" data-element_type=\"widget\" data-e-type=\"widget\" data-widget_type=\"text-editor.default\">\n\t\t\t\t<div class=\"elementor-widget-container\">\n\t\t\t\t\t\t\t\t\t<p><strong>Skynsamleg forgangsr\u00f6\u00f0un<\/strong><\/p>\t\t\t\t\t\t\t\t<\/div>\n\t\t\t\t<\/div>\n\t\t\t\t<\/div>\n\t\t<div class=\"elementor-element elementor-element-2c94989 e-con-full e-flex e-con e-child\" data-id=\"2c94989\" data-element_type=\"container\" data-e-type=\"container\" data-settings=\"{&quot;background_background&quot;:&quot;classic&quot;}\">\n\t\t\t\t<div class=\"elementor-element elementor-element-5544ce8 elementor-widget elementor-widget-text-editor\" data-id=\"5544ce8\" data-element_type=\"widget\" data-e-type=\"widget\" data-widget_type=\"text-editor.default\">\n\t\t\t\t<div class=\"elementor-widget-container\">\n\t\t\t\t\t\t\t\t\t<p>Oft er eitt of miklum fj\u00e1rmunum \u00ed vi\u00f0ger\u00f0i \u00feegar betur hef\u00f0i veri\u00f0 fari\u00f0 \u00ed endurn\u00fdjun. \u00deegar ekki er h\u00e6gt a\u00f0 fara \u00ed allar \u00e6skilegar vi\u00f0haldsframkv\u00e6mdir \u00e1 sama t\u00edma, getur \u00feurft a\u00f0 forgangsra\u00f0a og dreifa framkv\u00e6mdum og kostna\u00f0i yfir t\u00edmabil.<\/p>\t\t\t\t\t\t\t\t<\/div>\n\t\t\t\t<\/div>\n\t\t\t\t<\/div>\n\t\t\t\t<\/div>\n\t\t\t\t\t<\/div>\n\t\t\t\t<\/div>\n\t\t<div class=\"elementor-element elementor-element-35c75d6 e-flex e-con-boxed e-con e-parent\" data-id=\"35c75d6\" data-element_type=\"container\" data-e-type=\"container\">\n\t\t\t\t\t<div class=\"e-con-inner\">\n\t\t<div class=\"elementor-element elementor-element-6b52f0e e-con-full e-flex e-con e-child\" data-id=\"6b52f0e\" data-element_type=\"container\" data-e-type=\"container\">\n\t\t<div class=\"elementor-element elementor-element-897aa89 e-con-full e-flex e-con e-child\" data-id=\"897aa89\" data-element_type=\"container\" data-e-type=\"container\" data-settings=\"{&quot;background_background&quot;:&quot;classic&quot;}\">\n\t\t\t\t<div class=\"elementor-element elementor-element-3950b7b elementor-widget elementor-widget-text-editor\" data-id=\"3950b7b\" data-element_type=\"widget\" data-e-type=\"widget\" data-widget_type=\"text-editor.default\">\n\t\t\t\t<div class=\"elementor-widget-container\">\n\t\t\t\t\t\t\t\t\t<p><strong>\u00c1standsmat, lykill a\u00f0 g\u00f3\u00f0ri vi\u00f0halds\u00e1\u00e6tlun<\/strong><\/p>\t\t\t\t\t\t\t\t<\/div>\n\t\t\t\t<\/div>\n\t\t\t\t<\/div>\n\t\t<div class=\"elementor-element elementor-element-dba4f6d e-con-full e-flex e-con e-child\" data-id=\"dba4f6d\" data-element_type=\"container\" data-e-type=\"container\" data-settings=\"{&quot;background_background&quot;:&quot;classic&quot;}\">\n\t\t\t\t<div class=\"elementor-element elementor-element-b22c0aa elementor-widget elementor-widget-text-editor\" data-id=\"b22c0aa\" data-element_type=\"widget\" data-e-type=\"widget\" data-widget_type=\"text-editor.default\">\n\t\t\t\t<div class=\"elementor-widget-container\">\n\t\t\t\t\t\t\t\t\t<p>Vi\u00f0 bj\u00f3\u00f0um upp\u00e1 \u00e1standsmat, en \u00e1standsmati\u00f0 sn\u00fdst me\u00f0al annars um a\u00f0 forgangsra\u00f0a vi\u00f0haldsverkefnum og gera vi\u00f0halds\u00e1\u00e6tlun \u00e1samt kostna\u00f0armati fyrir h\u00fasf\u00e9l\u00f6g.\u00a0<\/p>\t\t\t\t\t\t\t\t<\/div>\n\t\t\t\t<\/div>\n\t\t\t\t<\/div>\n\t\t\t\t<\/div>\n\t\t<div class=\"elementor-element elementor-element-b2811fc e-con-full e-flex e-con e-child\" data-id=\"b2811fc\" data-element_type=\"container\" data-e-type=\"container\">\n\t\t\t\t<div class=\"elementor-element elementor-element-ac4a4e5 elementor-widget elementor-widget-image\" data-id=\"ac4a4e5\" data-element_type=\"widget\" data-e-type=\"widget\" data-widget_type=\"image.default\">\n\t\t\t\t<div class=\"elementor-widget-container\">\n\t\t\t\t\t\t\t\t\t\t\t\t\t\t\t<img decoding=\"async\" width=\"1024\" height=\"683\" src=\"https:\/\/thog.is\/wp-content\/uploads\/2024\/12\/IMG_1458-1024x683.png\" class=\"attachment-large size-large wp-image-911\" alt=\"\" srcset=\"https:\/\/thog.is\/wp-content\/uploads\/2024\/12\/IMG_1458-1024x683.png 1024w, https:\/\/thog.is\/wp-content\/uploads\/2024\/12\/IMG_1458-300x200.png 300w, https:\/\/thog.is\/wp-content\/uploads\/2024\/12\/IMG_1458-768x512.png 768w, https:\/\/thog.is\/wp-content\/uploads\/2024\/12\/IMG_1458.png 1080w\" sizes=\"(max-width: 1024px) 100vw, 1024px\" \/>\t\t\t\t\t\t\t\t\t\t\t\t\t\t\t<\/div>\n\t\t\t\t<\/div>\n\t\t\t\t<\/div>\n\t\t\t\t\t<\/div>\n\t\t\t\t<\/div>\n\t\t<div class=\"elementor-element elementor-element-a495d5d e-flex e-con-boxed e-con e-parent\" data-id=\"a495d5d\" data-element_type=\"container\" data-e-type=\"container\">\n\t\t\t\t\t<div class=\"e-con-inner\">\n\t\t<div class=\"elementor-element elementor-element-8e97f7d e-con-full e-flex e-con e-child\" data-id=\"8e97f7d\" data-element_type=\"container\" data-e-type=\"container\">\n\t\t\t\t<div class=\"elementor-element elementor-element-fc75cba elementor-widget elementor-widget-image\" data-id=\"fc75cba\" data-element_type=\"widget\" data-e-type=\"widget\" data-widget_type=\"image.default\">\n\t\t\t\t<div class=\"elementor-widget-container\">\n\t\t\t\t\t\t\t\t\t\t\t\t\t\t\t<img decoding=\"async\" width=\"1024\" height=\"576\" src=\"https:\/\/thog.is\/wp-content\/uploads\/2024\/11\/20180608_135641-1024x576.jpg\" class=\"attachment-large size-large wp-image-244\" alt=\"\" srcset=\"https:\/\/thog.is\/wp-content\/uploads\/2024\/11\/20180608_135641-1024x576.jpg 1024w, https:\/\/thog.is\/wp-content\/uploads\/2024\/11\/20180608_135641-300x169.jpg 300w, https:\/\/thog.is\/wp-content\/uploads\/2024\/11\/20180608_135641-768x432.jpg 768w, https:\/\/thog.is\/wp-content\/uploads\/2024\/11\/20180608_135641-1536x864.jpg 1536w, https:\/\/thog.is\/wp-content\/uploads\/2024\/11\/20180608_135641-2048x1152.jpg 2048w, https:\/\/thog.is\/wp-content\/uploads\/2024\/11\/20180608_135641-470x264.jpg 470w\" sizes=\"(max-width: 1024px) 100vw, 1024px\" \/>\t\t\t\t\t\t\t\t\t\t\t\t\t\t\t<\/div>\n\t\t\t\t<\/div>\n\t\t\t\t<\/div>\n\t\t<div class=\"elementor-element elementor-element-fd59af1 e-con-full e-flex e-con e-child\" data-id=\"fd59af1\" data-element_type=\"container\" data-e-type=\"container\">\n\t\t<div class=\"elementor-element elementor-element-f14501e e-con-full e-flex e-con e-child\" data-id=\"f14501e\" data-element_type=\"container\" data-e-type=\"container\" data-settings=\"{&quot;background_background&quot;:&quot;classic&quot;}\">\n\t\t\t\t<div class=\"elementor-element elementor-element-2a96b44 elementor-widget elementor-widget-text-editor\" data-id=\"2a96b44\" data-element_type=\"widget\" data-e-type=\"widget\" data-widget_type=\"text-editor.default\">\n\t\t\t\t<div class=\"elementor-widget-container\">\n\t\t\t\t\t\t\t\t\t<p><strong>R\u00e9ttir gluggar fyrir r\u00e9tta h\u00fasi\u00f0<\/strong><\/p>\t\t\t\t\t\t\t\t<\/div>\n\t\t\t\t<\/div>\n\t\t\t\t<\/div>\n\t\t<div class=\"elementor-element elementor-element-d4e7641 e-con-full e-flex e-con e-child\" data-id=\"d4e7641\" data-element_type=\"container\" data-e-type=\"container\" data-settings=\"{&quot;background_background&quot;:&quot;classic&quot;}\">\n\t\t\t\t<div class=\"elementor-element elementor-element-aa9134a elementor-widget elementor-widget-text-editor\" data-id=\"aa9134a\" data-element_type=\"widget\" data-e-type=\"widget\" data-widget_type=\"text-editor.default\">\n\t\t\t\t<div class=\"elementor-widget-container\">\n\t\t\t\t\t\t\t\t\t<p>Einnig \u00fearf a\u00f0 huga a\u00f0 hva\u00f0a gluggategundir h\u00e6fa vi\u00f0komandi h\u00fasi. \u00dea\u00f0 geta veri\u00f0 mismunandi \u00e1herslur \u00e1 hlj\u00f3\u00f0einangrun, hitaeinangrun, slagve\u00f0urs\u00feol o.fl. eftir a\u00f0st\u00e6\u00f0um.<\/p>\t\t\t\t\t\t\t\t<\/div>\n\t\t\t\t<\/div>\n\t\t\t\t<\/div>\n\t\t\t\t<\/div>\n\t\t\t\t\t<\/div>\n\t\t\t\t<\/div>\n\t\t<div class=\"elementor-element elementor-element-515ef64 e-flex e-con-boxed e-con e-parent\" data-id=\"515ef64\" data-element_type=\"container\" data-e-type=\"container\">\n\t\t\t\t\t<div class=\"e-con-inner\">\n\t\t<div class=\"elementor-element elementor-element-58d147a e-con-full e-flex e-con e-child\" data-id=\"58d147a\" data-element_type=\"container\" data-e-type=\"container\">\n\t\t<div class=\"elementor-element elementor-element-4608989 e-con-full e-flex e-con e-child\" data-id=\"4608989\" data-element_type=\"container\" data-e-type=\"container\" data-settings=\"{&quot;background_background&quot;:&quot;classic&quot;}\">\n\t\t\t\t<div class=\"elementor-element elementor-element-7ef77cc elementor-widget elementor-widget-text-editor\" data-id=\"7ef77cc\" data-element_type=\"widget\" data-e-type=\"widget\" data-widget_type=\"text-editor.default\">\n\t\t\t\t<div class=\"elementor-widget-container\">\n\t\t\t\t\t\t\t\t\t<p>\u00cdslenskar a\u00f0st\u00e6\u00f0ur<\/p>\t\t\t\t\t\t\t\t<\/div>\n\t\t\t\t<\/div>\n\t\t\t\t<\/div>\n\t\t<div class=\"elementor-element elementor-element-9832d94 e-con-full e-flex e-con e-child\" data-id=\"9832d94\" data-element_type=\"container\" data-e-type=\"container\" data-settings=\"{&quot;background_background&quot;:&quot;classic&quot;}\">\n\t\t\t\t<div class=\"elementor-element elementor-element-48cb315 elementor-widget elementor-widget-text-editor\" data-id=\"48cb315\" data-element_type=\"widget\" data-e-type=\"widget\" data-widget_type=\"text-editor.default\">\n\t\t\t\t<div class=\"elementor-widget-container\">\n\t\t\t\t\t\t\t\t\t<p>A\u00f0 velja og kaupa glugga og hur\u00f0ir er fj\u00e1rfesting til framt\u00ed\u00f0ar. \u00deess vegna er mikilv\u00e6gt a\u00f0 velja \u00fea\u00f0 sem hentar \u00edslensku ve\u00f0urfari.<\/p>\t\t\t\t\t\t\t\t<\/div>\n\t\t\t\t<\/div>\n\t\t\t\t<\/div>\n\t\t\t\t<\/div>\n\t\t<div class=\"elementor-element elementor-element-e1f73c6 e-con-full e-flex e-con e-child\" data-id=\"e1f73c6\" data-element_type=\"container\" data-e-type=\"container\">\n\t\t\t\t<div class=\"elementor-element elementor-element-6d29438 elementor-widget elementor-widget-image\" data-id=\"6d29438\" data-element_type=\"widget\" data-e-type=\"widget\" data-widget_type=\"image.default\">\n\t\t\t\t<div class=\"elementor-widget-container\">\n\t\t\t\t\t\t\t\t\t\t\t\t\t\t\t<img loading=\"lazy\" decoding=\"async\" width=\"1024\" height=\"683\" src=\"https:\/\/thog.is\/wp-content\/uploads\/2024\/12\/IMG_5656-1024x683.png\" class=\"attachment-large size-large wp-image-1673\" alt=\"\" srcset=\"https:\/\/thog.is\/wp-content\/uploads\/2024\/12\/IMG_5656-1024x683.png 1024w, https:\/\/thog.is\/wp-content\/uploads\/2024\/12\/IMG_5656-300x200.png 300w, https:\/\/thog.is\/wp-content\/uploads\/2024\/12\/IMG_5656-768x512.png 768w, https:\/\/thog.is\/wp-content\/uploads\/2024\/12\/IMG_5656.png 1080w\" sizes=\"(max-width: 1024px) 100vw, 1024px\" \/>\t\t\t\t\t\t\t\t\t\t\t\t\t\t\t<\/div>\n\t\t\t\t<\/div>\n\t\t\t\t<\/div>\n\t\t\t\t\t<\/div>\n\t\t\t\t<\/div>\n\t\t<div class=\"elementor-element elementor-element-430d83b e-con-full e-flex e-con e-parent\" data-id=\"430d83b\" data-element_type=\"container\" data-e-type=\"container\" data-settings=\"{&quot;background_background&quot;:&quot;classic&quot;}\">\n\t\t\t\t<div class=\"elementor-element elementor-element-0b74c0a elementor-widget elementor-widget-text-editor\" data-id=\"0b74c0a\" data-element_type=\"widget\" data-e-type=\"widget\" data-widget_type=\"text-editor.default\">\n\t\t\t\t<div class=\"elementor-widget-container\">\n\t\t\t\t\t\t\t\t\t<p>Hva\u00f0 segja h\u00fasf\u00e9l\u00f6gin um okkur?<\/p>\t\t\t\t\t\t\t\t<\/div>\n\t\t\t\t<\/div>\n\t\t\t\t<\/div>\n\t\t<div class=\"elementor-element elementor-element-4b58a65 e-con-full e-flex e-con e-parent\" data-id=\"4b58a65\" data-element_type=\"container\" data-e-type=\"container\" data-settings=\"{&quot;background_background&quot;:&quot;classic&quot;}\">\n\t\t<div class=\"elementor-element elementor-element-fd3d439 e-con-full e-flex e-con e-child\" data-id=\"fd3d439\" data-element_type=\"container\" data-e-type=\"container\">\n\t\t\t\t<div class=\"elementor-element elementor-element-13b3fd7 elementor-arrows-yes elementor-pagination-type-bullets elementor-review--has-separator elementor--star-style-star_fontawesome elementor-widget elementor-widget-reviews\" data-id=\"13b3fd7\" data-element_type=\"widget\" data-e-type=\"widget\" data-settings=\"{&quot;show_arrows&quot;:&quot;yes&quot;,&quot;pagination&quot;:&quot;bullets&quot;,&quot;speed&quot;:500,&quot;autoplay&quot;:&quot;yes&quot;,&quot;autoplay_speed&quot;:5000,&quot;loop&quot;:&quot;yes&quot;,&quot;pause_on_hover&quot;:&quot;yes&quot;,&quot;pause_on_interaction&quot;:&quot;yes&quot;,&quot;space_between&quot;:{&quot;unit&quot;:&quot;px&quot;,&quot;size&quot;:10,&quot;sizes&quot;:[]},&quot;space_between_tablet&quot;:{&quot;unit&quot;:&quot;px&quot;,&quot;size&quot;:10,&quot;sizes&quot;:[]},&quot;space_between_mobile&quot;:{&quot;unit&quot;:&quot;px&quot;,&quot;size&quot;:10,&quot;sizes&quot;:[]}}\" data-widget_type=\"reviews.default\">\n\t\t\t\t<div class=\"elementor-widget-container\">\n\t\t\t\t\t\t\t\t\t<div class=\"elementor-swiper\">\n\t\t\t\t\t<div class=\"elementor-main-swiper swiper\" role=\"region\" aria-roledescription=\"carousel\" aria-label=\"Slides\">\n\t\t\t\t<div class=\"swiper-wrapper\">\n\t\t\t\t\t\t\t\t\t\t\t<div class=\"swiper-slide\" role=\"group\" aria-roledescription=\"slide\">\n\t\t\t\t\t\t\t\t\t<div class=\"elementor-testimonial elementor-repeater-item-105399b\">\n\t\t\t\t\t\t\t<div class=\"elementor-testimonial__header\">\n\t\t\t\t\t\t\t\t\t\t\t<div class=\"elementor-testimonial__image\">\n\t\t\t\t\t\t\t<img decoding=\"async\" src=\"https:\/\/thog.is\/wp-content\/uploads\/2024\/11\/husfelagid-eyjarbakki-150x150.jpg\" alt=\"h\u00fasf\u00e9lagi\u00f0 eyjabakka 1-15\">\n\t\t\t\t\t\t\t\t\t\t\t\t\t<\/div>\n\t\t\t\t\t\t\t\t\t\t<cite class=\"elementor-testimonial__cite\"><span class=\"elementor-testimonial__name\">h\u00fasf\u00e9lagi\u00f0 eyjabakka 1-15<\/span><\/cite>\t\t\t\t\t<div class=\"elementor-testimonial__icon elementor-icon elementor-icon-\" aria-label=\"Read More\"><\/div>\t\t\t\t<\/div>\n\t\t\t\t\t\t\t\t\t\t<div class=\"elementor-testimonial__content\">\n\t\t\t\t\t<div class=\"elementor-testimonial__text\">\n\t\t\t\t\t\t\u00deak og gluggar hafa unni\u00f0 markvisst fyrir okkur st\u00f3r og miki\u00f0 verkefni s\u00ed\u00f0astli\u00f0in \u00e1r. \u00dea\u00f0 hefur allt sta\u00f0ist sem upp var lagt og almenn \u00e1n\u00e6gja var\u00f0andi allt sem \u00fear kemur, g\u00f3\u00f0ir gluggar, g\u00f3\u00f0 vinnubr\u00f6g\u00f0, samviskusamir starfsmenn og g\u00f3\u00f0ur fr\u00e1gangur. \u00deeir eru me\u00f0 hug okkar fyrir brj\u00f3sti og ef \u00fe\u00f6rf er \u00e1 framkv\u00e6md\u00a0sem ekki hefur veri\u00f0 sami\u00f0 um r\u00e6\u00f0a \u00feeir vi\u00f0 \u00edb\u00faa upp \u00e1 \u00feau m\u00e1l. \u00deegar vi\u00f0 fengum \u00deak og glugga \u00ed verki\u00f0 h\u00f6f\u00f0um vi\u00f0 veri\u00f0 me\u00f0 anna\u00f0 fyrirt\u00e6ki \u00e1\u00f0ur sem vi\u00f0 ur\u00f0um fyrir miklum vonbrig\u00f0um og vorum hr\u00e6dd um a\u00f0 lenda \u00ed \u00fev\u00ed sama. \u00cdb\u00faar er virkilega \u00e1n\u00e6g\u00f0ir og myndum vi\u00f0 ekki vilja breyta neinu. \t\t\t\t\t<\/div>\n\t\t\t\t<\/div>\n\t\t\t\t\t<\/div>\n\t\t\t\t\t\t\t\t<\/div>\n\t\t\t\t\t\t\t\t\t<\/div>\n\t\t\t\t\t\t\t<\/div>\n\t\t\t\t<\/div>\n\t\t\t\t\t\t\t\t<\/div>\n\t\t\t\t<\/div>\n\t\t\t\t<\/div>\n\t\t<div class=\"elementor-element elementor-element-d32e18d e-con-full e-flex e-con e-child\" data-id=\"d32e18d\" data-element_type=\"container\" data-e-type=\"container\">\n\t\t\t\t<div class=\"elementor-element elementor-element-1dacaef elementor-arrows-yes elementor-pagination-type-bullets elementor-review--has-separator elementor--star-style-star_fontawesome elementor-widget elementor-widget-reviews\" data-id=\"1dacaef\" data-element_type=\"widget\" data-e-type=\"widget\" data-settings=\"{&quot;show_arrows&quot;:&quot;yes&quot;,&quot;pagination&quot;:&quot;bullets&quot;,&quot;speed&quot;:500,&quot;autoplay&quot;:&quot;yes&quot;,&quot;autoplay_speed&quot;:5000,&quot;loop&quot;:&quot;yes&quot;,&quot;pause_on_hover&quot;:&quot;yes&quot;,&quot;pause_on_interaction&quot;:&quot;yes&quot;,&quot;space_between&quot;:{&quot;unit&quot;:&quot;px&quot;,&quot;size&quot;:10,&quot;sizes&quot;:[]},&quot;space_between_tablet&quot;:{&quot;unit&quot;:&quot;px&quot;,&quot;size&quot;:10,&quot;sizes&quot;:[]},&quot;space_between_mobile&quot;:{&quot;unit&quot;:&quot;px&quot;,&quot;size&quot;:10,&quot;sizes&quot;:[]}}\" data-widget_type=\"reviews.default\">\n\t\t\t\t<div class=\"elementor-widget-container\">\n\t\t\t\t\t\t\t\t\t<div class=\"elementor-swiper\">\n\t\t\t\t\t<div class=\"elementor-main-swiper swiper\" role=\"region\" aria-roledescription=\"carousel\" aria-label=\"Slides\">\n\t\t\t\t<div class=\"swiper-wrapper\">\n\t\t\t\t\t\t\t\t\t\t\t<div class=\"swiper-slide\" role=\"group\" aria-roledescription=\"slide\">\n\t\t\t\t\t\t\t\t\t<div class=\"elementor-testimonial elementor-repeater-item-105399b\">\n\t\t\t\t\t\t\t<div class=\"elementor-testimonial__header\">\n\t\t\t\t\t\t\t\t\t\t\t<div class=\"elementor-testimonial__image\">\n\t\t\t\t\t\t\t<img decoding=\"async\" src=\"https:\/\/thog.is\/wp-content\/uploads\/2024\/11\/husfelag-althydu-150x150.jpg\" alt=\"H\u00fasf\u00e9lag al\u00fe\u00fd\u00f0u\">\n\t\t\t\t\t\t\t\t\t\t\t\t\t<\/div>\n\t\t\t\t\t\t\t\t\t\t<cite class=\"elementor-testimonial__cite\"><span class=\"elementor-testimonial__name\">H\u00fasf\u00e9lag al\u00fe\u00fd\u00f0u<\/span><\/cite>\t\t\t\t\t<div class=\"elementor-testimonial__icon elementor-icon elementor-icon-\" aria-label=\"Read More\"><\/div>\t\t\t\t<\/div>\n\t\t\t\t\t\t\t\t\t\t<div class=\"elementor-testimonial__content\">\n\t\t\t\t\t<div class=\"elementor-testimonial__text\">\n\t\t\t\t\t\t\u00deak og gluggar ehf hafa sinnt vi\u00f0haldi fyrir okkur s\u00ed\u00f0an 2022, m.a. \u00e1 \u00feakrennum og \u00feakni\u00f0urf\u00f6llum \u00ed verkamannab\u00fast\u00f6\u00f0unum. Fyrirt\u00e6ki\u00f0 hefur skila\u00f0 g\u00f3\u00f0ri vinnu, sta\u00f0i\u00f0 vi\u00f0 t\u00edma\u00e1\u00e6tlanir og samskipti og umgengni veri\u00f0 g\u00f3\u00f0. \n\t\t\t\t\t<\/div>\n\t\t\t\t<\/div>\n\t\t\t\t\t<\/div>\n\t\t\t\t\t\t\t\t<\/div>\n\t\t\t\t\t\t\t\t\t<\/div>\n\t\t\t\t\t\t\t<\/div>\n\t\t\t\t<\/div>\n\t\t\t\t\t\t\t\t<\/div>\n\t\t\t\t<\/div>\n\t\t\t\t<\/div>\n\t\t\t\t<\/div>\n\t\t<div class=\"elementor-element elementor-element-1acc61b e-flex e-con-boxed e-con e-parent\" data-id=\"1acc61b\" data-element_type=\"container\" data-e-type=\"container\">\n\t\t\t\t\t<div class=\"e-con-inner\">\n\t\t\t\t\t<\/div>\n\t\t\t\t<\/div>\n\t\t\t\t<\/div>\n\t\t","protected":false},"excerpt":{"rendered":"<p>H\u00fasf\u00e9laga\u00fej\u00f3nusta Skynsamleg forgangsr\u00f6\u00f0un Oft er eitt of miklum fj\u00e1rmunum \u00ed vi\u00f0ger\u00f0i \u00feegar betur hef\u00f0i veri\u00f0 fari\u00f0 \u00ed endurn\u00fdjun. \u00deegar ekki er h\u00e6gt a\u00f0 fara \u00ed<span class=\"more-button\"><a href=\"https:\/\/thog.is\/?page_id=351\" class=\"more-link\">Lesa meira<span class=\"screen-reader-text\">H\u00fasf\u00e9laga- og fyrirt\u00e6kja\u00fej\u00f3nusta<\/span><\/a><\/span><\/p>\n","protected":false},"author":1,"featured_media":0,"parent":0,"menu_order":0,"comment_status":"closed","ping_status":"closed","template":"templates\/full-width-page.php","meta":{"footnotes":""},"class_list":["post-351","page","type-page","status-publish","hentry"],"_links":{"self":[{"href":"https:\/\/thog.is\/index.php?rest_route=\/wp\/v2\/pages\/351","targetHints":{"allow":["GET"]}}],"collection":[{"href":"https:\/\/thog.is\/index.php?rest_route=\/wp\/v2\/pages"}],"about":[{"href":"https:\/\/thog.is\/index.php?rest_route=\/wp\/v2\/types\/page"}],"author":[{"embeddable":true,"href":"https:\/\/thog.is\/index.php?rest_route=\/wp\/v2\/users\/1"}],"replies":[{"embeddable":true,"href":"https:\/\/thog.is\/index.php?rest_route=%2Fwp%2Fv2%2Fcomments&post=351"}],"version-history":[{"count":64,"href":"https:\/\/thog.is\/index.php?rest_route=\/wp\/v2\/pages\/351\/revisions"}],"predecessor-version":[{"id":2193,"href":"https:\/\/thog.is\/index.php?rest_route=\/wp\/v2\/pages\/351\/revisions\/2193"}],"wp:attachment":[{"href":"https:\/\/thog.is\/index.php?rest_route=%2Fwp%2Fv2%2Fmedia&parent=351"}],"curies":[{"name":"wp","href":"https:\/\/api.w.org\/{rel}","templated":true}]}}