{"id":1419,"date":"2024-12-13T15:49:46","date_gmt":"2024-12-13T15:49:46","guid":{"rendered":"https:\/\/thog.is\/?page_id=1419"},"modified":"2025-03-06T15:39:23","modified_gmt":"2025-03-06T15:39:23","slug":"lekagreining","status":"publish","type":"page","link":"https:\/\/thog.is\/?page_id=1419","title":{"rendered":"Lekagreining"},"content":{"rendered":"\t\t<div data-elementor-type=\"wp-page\" data-elementor-id=\"1419\" class=\"elementor elementor-1419\" data-elementor-post-type=\"page\">\n\t\t\t\t<div class=\"elementor-element elementor-element-1d91fcb e-flex e-con-boxed e-con e-parent\" data-id=\"1d91fcb\" data-element_type=\"container\" data-e-type=\"container\">\n\t\t\t\t\t<div class=\"e-con-inner\">\n\t\t\t\t<div class=\"elementor-element elementor-element-cbd69ae elementor-widget elementor-widget-text-editor\" data-id=\"cbd69ae\" data-element_type=\"widget\" data-e-type=\"widget\" data-widget_type=\"text-editor.default\">\n\t\t\t\t<div class=\"elementor-widget-container\">\n\t\t\t\t\t\t\t\t\t<p>Lekagreining<\/p>\t\t\t\t\t\t\t\t<\/div>\n\t\t\t\t<\/div>\n\t\t\t\t\t<\/div>\n\t\t\t\t<\/div>\n\t\t<div class=\"elementor-element elementor-element-59b704f e-flex e-con-boxed e-con e-parent\" data-id=\"59b704f\" data-element_type=\"container\" data-e-type=\"container\">\n\t\t\t\t\t<div class=\"e-con-inner\">\n\t\t<div class=\"elementor-element elementor-element-2182fab e-con-full e-flex e-con e-child\" data-id=\"2182fab\" data-element_type=\"container\" data-e-type=\"container\">\n\t\t\t\t<div class=\"elementor-element elementor-element-aa7ce84 elementor-widget elementor-widget-image\" data-id=\"aa7ce84\" data-element_type=\"widget\" data-e-type=\"widget\" data-widget_type=\"image.default\">\n\t\t\t\t<div class=\"elementor-widget-container\">\n\t\t\t\t\t\t\t\t\t\t\t\t\t\t\t<img fetchpriority=\"high\" decoding=\"async\" width=\"1024\" height=\"683\" src=\"https:\/\/thog.is\/wp-content\/uploads\/2024\/12\/20200221_111959-1024x683.png\" class=\"attachment-large size-large wp-image-1398\" alt=\"\" srcset=\"https:\/\/thog.is\/wp-content\/uploads\/2024\/12\/20200221_111959-1024x683.png 1024w, https:\/\/thog.is\/wp-content\/uploads\/2024\/12\/20200221_111959-300x200.png 300w, https:\/\/thog.is\/wp-content\/uploads\/2024\/12\/20200221_111959-768x512.png 768w, https:\/\/thog.is\/wp-content\/uploads\/2024\/12\/20200221_111959.png 1080w\" sizes=\"(max-width: 1024px) 100vw, 1024px\" \/>\t\t\t\t\t\t\t\t\t\t\t\t\t\t\t<\/div>\n\t\t\t\t<\/div>\n\t\t\t\t<\/div>\n\t\t<div class=\"elementor-element elementor-element-1492e6d e-con-full e-flex e-con e-child\" data-id=\"1492e6d\" data-element_type=\"container\" data-e-type=\"container\">\n\t\t<div class=\"elementor-element elementor-element-1a4e5c5 e-con-full e-flex e-con e-child\" data-id=\"1a4e5c5\" data-element_type=\"container\" data-e-type=\"container\" data-settings=\"{&quot;background_background&quot;:&quot;classic&quot;}\">\n\t\t\t\t<div class=\"elementor-element elementor-element-e8f0e47 elementor-widget elementor-widget-text-editor\" data-id=\"e8f0e47\" data-element_type=\"widget\" data-e-type=\"widget\" data-widget_type=\"text-editor.default\">\n\t\t\t\t<div class=\"elementor-widget-container\">\n\t\t\t\t\t\t\t\t\t<p><strong>Afhverju lekur?<\/strong><\/p>\t\t\t\t\t\t\t\t<\/div>\n\t\t\t\t<\/div>\n\t\t\t\t<\/div>\n\t\t<div class=\"elementor-element elementor-element-c44a739 e-con-full e-flex e-con e-child\" data-id=\"c44a739\" data-element_type=\"container\" data-e-type=\"container\" data-settings=\"{&quot;background_background&quot;:&quot;classic&quot;}\">\n\t\t\t\t<div class=\"elementor-element elementor-element-d532859 elementor-widget elementor-widget-text-editor\" data-id=\"d532859\" data-element_type=\"widget\" data-e-type=\"widget\" data-widget_type=\"text-editor.default\">\n\t\t\t\t<div class=\"elementor-widget-container\">\n\t\t\t\t\t\t\t\t\t<p>Ef raki kemst \u00fear sem hann \u00e1 ekki a\u00f0 vera er h\u00e6tta \u00e1 myglu og f\u00faa. \u00dear sem \u00e1 \u00cdslandi getur rignt \u00far \u00f6llum \u00e1ttum me\u00f0 miklum vindstyrk er nau\u00f0synlegt a\u00f0 vera \u00e1 var\u00f0bergi gagnvart lekum sem geta leitt til myglu og f\u00faa. \u00dea\u00f0 eru margar lei\u00f0inn inn fyrir vatni\u00f0<\/p><ul><li>\u00deakleki er algeng or\u00f0s\u00f6k.<\/li><li>L\u00e9leg dren<\/li><li>\u00cdlla vi\u00f0haldnir gluggar.<\/li><li>P\u00edpulagnir sem leka b\u00e6\u00f0i vatn e\u00f0a sk\u00f3lp.<\/li><\/ul><p>\u00d3heftur leki getur leitt til myglu sem aftur getur haft sl\u00e6ma \u00e1hrif \u00e1 heilsu.<\/p>\t\t\t\t\t\t\t\t<\/div>\n\t\t\t\t<\/div>\n\t\t\t\t<\/div>\n\t\t\t\t<\/div>\n\t\t\t\t\t<\/div>\n\t\t\t\t<\/div>\n\t\t<div class=\"elementor-element elementor-element-35c75d6 e-flex e-con-boxed e-con e-parent\" data-id=\"35c75d6\" data-element_type=\"container\" data-e-type=\"container\">\n\t\t\t\t\t<div class=\"e-con-inner\">\n\t\t<div class=\"elementor-element elementor-element-6b52f0e e-con-full e-flex e-con e-child\" data-id=\"6b52f0e\" data-element_type=\"container\" data-e-type=\"container\">\n\t\t<div class=\"elementor-element elementor-element-897aa89 e-con-full e-flex e-con e-child\" data-id=\"897aa89\" data-element_type=\"container\" data-e-type=\"container\" data-settings=\"{&quot;background_background&quot;:&quot;classic&quot;}\">\n\t\t\t\t<div class=\"elementor-element elementor-element-3950b7b elementor-widget elementor-widget-text-editor\" data-id=\"3950b7b\" data-element_type=\"widget\" data-e-type=\"widget\" data-widget_type=\"text-editor.default\">\n\t\t\t\t<div class=\"elementor-widget-container\">\n\t\t\t\t\t\t\t\t\t<p><strong>Ors\u00f6k<\/strong><\/p>\t\t\t\t\t\t\t\t<\/div>\n\t\t\t\t<\/div>\n\t\t\t\t<\/div>\n\t\t<div class=\"elementor-element elementor-element-dba4f6d e-con-full e-flex e-con e-child\" data-id=\"dba4f6d\" data-element_type=\"container\" data-e-type=\"container\" data-settings=\"{&quot;background_background&quot;:&quot;classic&quot;}\">\n\t\t\t\t<div class=\"elementor-element elementor-element-b22c0aa elementor-widget elementor-widget-text-editor\" data-id=\"b22c0aa\" data-element_type=\"widget\" data-e-type=\"widget\" data-widget_type=\"text-editor.default\">\n\t\t\t\t<div class=\"elementor-widget-container\">\n\t\t\t\t\t\t\t\t\t<p>Orsakir geta veri\u00f0 \u00fe\u00f3 nokkrar: Of mikill raki inni og ekki lofta\u00f0 n\u00e6gilega \u00fat. Getur \u00feurft a\u00f0 \u00fe\u00e9tta r\u00fdmi betur e\u00f0a ef r\u00fdmi\u00f0 er of \u00fe\u00e9tt er m\u00f6gulega b\u00fai\u00f0 a\u00f0 st\u00f6\u00f0va nau\u00f0synlega \u00f6ndunn.<\/p>\t\t\t\t\t\t\t\t<\/div>\n\t\t\t\t<\/div>\n\t\t\t\t<\/div>\n\t\t\t\t<\/div>\n\t\t<div class=\"elementor-element elementor-element-b2811fc e-con-full e-flex e-con e-child\" data-id=\"b2811fc\" data-element_type=\"container\" data-e-type=\"container\">\n\t\t\t\t<div class=\"elementor-element elementor-element-ac4a4e5 elementor-widget elementor-widget-image\" data-id=\"ac4a4e5\" data-element_type=\"widget\" data-e-type=\"widget\" data-widget_type=\"image.default\">\n\t\t\t\t<div class=\"elementor-widget-container\">\n\t\t\t\t\t\t\t\t\t\t\t\t\t\t\t<img decoding=\"async\" width=\"1024\" height=\"576\" src=\"https:\/\/thog.is\/wp-content\/uploads\/2024\/11\/20160414_112303-1024x576.jpg\" class=\"attachment-large size-large wp-image-243\" alt=\"\" srcset=\"https:\/\/thog.is\/wp-content\/uploads\/2024\/11\/20160414_112303-1024x576.jpg 1024w, https:\/\/thog.is\/wp-content\/uploads\/2024\/11\/20160414_112303-300x169.jpg 300w, https:\/\/thog.is\/wp-content\/uploads\/2024\/11\/20160414_112303-768x432.jpg 768w, https:\/\/thog.is\/wp-content\/uploads\/2024\/11\/20160414_112303-1536x864.jpg 1536w, https:\/\/thog.is\/wp-content\/uploads\/2024\/11\/20160414_112303-2048x1152.jpg 2048w, https:\/\/thog.is\/wp-content\/uploads\/2024\/11\/20160414_112303-470x264.jpg 470w\" sizes=\"(max-width: 1024px) 100vw, 1024px\" \/>\t\t\t\t\t\t\t\t\t\t\t\t\t\t\t<\/div>\n\t\t\t\t<\/div>\n\t\t\t\t<\/div>\n\t\t\t\t\t<\/div>\n\t\t\t\t<\/div>\n\t\t<div class=\"elementor-element elementor-element-82684f6 e-flex e-con-boxed e-con e-parent\" data-id=\"82684f6\" data-element_type=\"container\" data-e-type=\"container\">\n\t\t\t\t\t<div class=\"e-con-inner\">\n\t\t<div class=\"elementor-element elementor-element-1dee58a e-con-full e-flex e-con e-child\" data-id=\"1dee58a\" data-element_type=\"container\" data-e-type=\"container\">\n\t\t\t\t<div class=\"elementor-element elementor-element-8f343c2 elementor-widget elementor-widget-image\" data-id=\"8f343c2\" data-element_type=\"widget\" data-e-type=\"widget\" data-widget_type=\"image.default\">\n\t\t\t\t<div class=\"elementor-widget-container\">\n\t\t\t\t\t\t\t\t\t\t\t\t\t\t\t<img decoding=\"async\" width=\"845\" height=\"547\" src=\"https:\/\/thog.is\/wp-content\/uploads\/2025\/03\/Screenshot-2025-03-06-144333.png\" class=\"attachment-large size-large wp-image-2324\" alt=\"\" srcset=\"https:\/\/thog.is\/wp-content\/uploads\/2025\/03\/Screenshot-2025-03-06-144333.png 845w, https:\/\/thog.is\/wp-content\/uploads\/2025\/03\/Screenshot-2025-03-06-144333-300x194.png 300w, https:\/\/thog.is\/wp-content\/uploads\/2025\/03\/Screenshot-2025-03-06-144333-768x497.png 768w\" sizes=\"(max-width: 845px) 100vw, 845px\" \/>\t\t\t\t\t\t\t\t\t\t\t\t\t\t\t<\/div>\n\t\t\t\t<\/div>\n\t\t\t\t<\/div>\n\t\t<div class=\"elementor-element elementor-element-93a5b20 e-con-full e-flex e-con e-child\" data-id=\"93a5b20\" data-element_type=\"container\" data-e-type=\"container\">\n\t\t<div class=\"elementor-element elementor-element-1f1fde0 e-con-full e-flex e-con e-child\" data-id=\"1f1fde0\" data-element_type=\"container\" data-e-type=\"container\" data-settings=\"{&quot;background_background&quot;:&quot;classic&quot;}\">\n\t\t\t\t<div class=\"elementor-element elementor-element-660cc7d elementor-widget elementor-widget-text-editor\" data-id=\"660cc7d\" data-element_type=\"widget\" data-e-type=\"widget\" data-widget_type=\"text-editor.default\">\n\t\t\t\t<div class=\"elementor-widget-container\">\n\t\t\t\t\t\t\t\t\t<p><strong>Nau\u00f0synlegt a\u00f0hald<\/strong><\/p>\t\t\t\t\t\t\t\t<\/div>\n\t\t\t\t<\/div>\n\t\t\t\t<\/div>\n\t\t<div class=\"elementor-element elementor-element-08121ee e-con-full e-flex e-con e-child\" data-id=\"08121ee\" data-element_type=\"container\" data-e-type=\"container\" data-settings=\"{&quot;background_background&quot;:&quot;classic&quot;}\">\n\t\t\t\t<div class=\"elementor-element elementor-element-cba9354 elementor-widget elementor-widget-text-editor\" data-id=\"cba9354\" data-element_type=\"widget\" data-e-type=\"widget\" data-widget_type=\"text-editor.default\">\n\t\t\t\t<div class=\"elementor-widget-container\">\n\t\t\t\t\t\t\t\t\t<p>Leki fr\u00e1 \u00feaki e\u00f0a glugga getur komi\u00f0 fram \u00ed r\u00fdmi e\u00f0a \u00edb\u00fa\u00f0um fyrir ne\u00f0an. Ef \u00fea\u00f0 kemur leki \u00e1 heitu vatni getur \u00fea\u00f0 komi\u00f0 \u00fat \u00e1 h\u00e6\u00f0inni fyrir ofan lekt r\u00f6r \u00fear sem gufan getur fer\u00f0ast upp \u00ed holr\u00fdmum. Ef rakaskemdum er ekki sinnt um lei\u00f0 og \u00fe\u00e6r koma fram geta \u00fe\u00e6r undi\u00f0 mj\u00f6g hratt upp \u00e1 sig og krefjast \u00fe\u00e1 umfangsmikla vi\u00f0ger\u00f0a. Ef vart er vi\u00f0 rakaskemdir e\u00f0a f\u00faa \u00fearf a\u00f0 f\u00e1 fagmann til a\u00f0 sko\u00f0a hva\u00f0 er \u00ed gangi. Mynd s\u00f3tt fr\u00e1 (N\u00fdsk\u00f6punnarmi\u00f0st\u00f6\u00f0 \u00cdslands, 2021).<\/p>\t\t\t\t\t\t\t\t<\/div>\n\t\t\t\t<\/div>\n\t\t\t\t<\/div>\n\t\t\t\t<\/div>\n\t\t\t\t\t<\/div>\n\t\t\t\t<\/div>\n\t\t\t\t<\/div>\n\t\t","protected":false},"excerpt":{"rendered":"<p>Lekagreining Afhverju lekur? Ef raki kemst \u00fear sem hann \u00e1 ekki a\u00f0 vera er h\u00e6tta \u00e1 myglu og f\u00faa. \u00dear sem \u00e1 \u00cdslandi getur rignt<span class=\"more-button\"><a href=\"https:\/\/thog.is\/?page_id=1419\" class=\"more-link\">Lesa meira<span class=\"screen-reader-text\">Lekagreining<\/span><\/a><\/span><\/p>\n","protected":false},"author":1,"featured_media":0,"parent":0,"menu_order":0,"comment_status":"closed","ping_status":"closed","template":"templates\/full-width-page.php","meta":{"footnotes":""},"class_list":["post-1419","page","type-page","status-publish","hentry"],"_links":{"self":[{"href":"https:\/\/thog.is\/index.php?rest_route=\/wp\/v2\/pages\/1419","targetHints":{"allow":["GET"]}}],"collection":[{"href":"https:\/\/thog.is\/index.php?rest_route=\/wp\/v2\/pages"}],"about":[{"href":"https:\/\/thog.is\/index.php?rest_route=\/wp\/v2\/types\/page"}],"author":[{"embeddable":true,"href":"https:\/\/thog.is\/index.php?rest_route=\/wp\/v2\/users\/1"}],"replies":[{"embeddable":true,"href":"https:\/\/thog.is\/index.php?rest_route=%2Fwp%2Fv2%2Fcomments&post=1419"}],"version-history":[{"count":34,"href":"https:\/\/thog.is\/index.php?rest_route=\/wp\/v2\/pages\/1419\/revisions"}],"predecessor-version":[{"id":2380,"href":"https:\/\/thog.is\/index.php?rest_route=\/wp\/v2\/pages\/1419\/revisions\/2380"}],"wp:attachment":[{"href":"https:\/\/thog.is\/index.php?rest_route=%2Fwp%2Fv2%2Fmedia&parent=1419"}],"curies":[{"name":"wp","href":"https:\/\/api.w.org\/{rel}","templated":true}]}}