{"id":1413,"date":"2024-12-13T12:03:34","date_gmt":"2024-12-13T12:03:34","guid":{"rendered":"https:\/\/thog.is\/?page_id=1413"},"modified":"2024-12-18T10:11:05","modified_gmt":"2024-12-18T10:11:05","slug":"astandssmat","status":"publish","type":"page","link":"https:\/\/thog.is\/?page_id=1413","title":{"rendered":"\u00c1standssmat"},"content":{"rendered":"\t\t<div data-elementor-type=\"wp-page\" data-elementor-id=\"1413\" class=\"elementor elementor-1413\" data-elementor-post-type=\"page\">\n\t\t\t\t<div class=\"elementor-element elementor-element-1d91fcb e-flex e-con-boxed e-con e-parent\" data-id=\"1d91fcb\" data-element_type=\"container\" data-e-type=\"container\">\n\t\t\t\t\t<div class=\"e-con-inner\">\n\t\t\t\t<div class=\"elementor-element elementor-element-cbd69ae elementor-widget elementor-widget-text-editor\" data-id=\"cbd69ae\" data-element_type=\"widget\" data-e-type=\"widget\" data-widget_type=\"text-editor.default\">\n\t\t\t\t<div class=\"elementor-widget-container\">\n\t\t\t\t\t\t\t\t\t<p>\u00c1standsmat<\/p>\t\t\t\t\t\t\t\t<\/div>\n\t\t\t\t<\/div>\n\t\t\t\t\t<\/div>\n\t\t\t\t<\/div>\n\t\t<div class=\"elementor-element elementor-element-1a4d4a7 e-con-full e-flex e-con e-parent\" data-id=\"1a4d4a7\" data-element_type=\"container\" data-e-type=\"container\" data-settings=\"{&quot;background_background&quot;:&quot;classic&quot;}\">\n\t\t\t\t<div class=\"elementor-element elementor-element-d51e0e5 elementor-widget elementor-widget-text-editor\" data-id=\"d51e0e5\" data-element_type=\"widget\" data-e-type=\"widget\" data-widget_type=\"text-editor.default\">\n\t\t\t\t<div class=\"elementor-widget-container\">\n\t\t\t\t\t\t\t\t\t<p>Oft er eitt of miklum fj\u00e1rmunum \u00ed vi\u00f0ger\u00f0i \u00feegar betur hef\u00f0i veri\u00f0 fari\u00f0 \u00ed endurn\u00fdjun. \u00deegar ekki er h\u00e6gt a\u00f0 fara \u00ed allar \u00e6skilegar vi\u00f0haldsframkv\u00e6mdir \u00e1 sama t\u00edma, getur \u00feurft a\u00f0 forgangsra\u00f0a og dreifa framkv\u00e6mdum og kostna\u00f0i yfir t\u00edmabil. Vi\u00f0 bj\u00f3\u00f0um upp\u00e1 \u00e1standsmat, en \u00e1standsmati\u00f0 sn\u00fdst me\u00f0al annars um a\u00f0 forgangsra\u00f0a vi\u00f0haldsverkefnum og gera vi\u00f0halds\u00e1\u00e6tlun \u00e1samt kostna\u00f0armati fyrir h\u00fasf\u00e9l\u00f6g. A\u00f0 velja og kaupa glugga og hur\u00f0ir er fj\u00e1rfesting til framt\u00ed\u00f0ar. \u00deess vegna er mikilv\u00e6gt a\u00f0 velja \u00fea\u00f0 sem hentar \u00edslensku ve\u00f0urfari. Einnig \u00fearf a\u00f0 huga a\u00f0 hva\u00f0a gluggategundir h\u00e6fa vi\u00f0komandi h\u00fasi. \u00dea\u00f0 geta veri\u00f0 mismunandi \u00e1herslur \u00e1 hlj\u00f3\u00f0einangrun, hitaeinangrun, slagve\u00f0urs\u00feol o.f.l. eftir a\u00f0st\u00e6\u00f0um.<\/p>\t\t\t\t\t\t\t\t<\/div>\n\t\t\t\t<\/div>\n\t\t\t\t<\/div>\n\t\t<div class=\"elementor-element elementor-element-f9a9242 e-flex e-con-boxed e-con e-parent\" data-id=\"f9a9242\" data-element_type=\"container\" data-e-type=\"container\">\n\t\t\t\t\t<div class=\"e-con-inner\">\n\t\t<div class=\"elementor-element elementor-element-90f3aee e-con-full e-flex e-con e-child\" data-id=\"90f3aee\" data-element_type=\"container\" data-e-type=\"container\">\n\t\t\t\t<div class=\"elementor-element elementor-element-7481ecb elementor-widget elementor-widget-image\" data-id=\"7481ecb\" data-element_type=\"widget\" data-e-type=\"widget\" data-widget_type=\"image.default\">\n\t\t\t\t<div class=\"elementor-widget-container\">\n\t\t\t\t\t\t\t\t\t\t\t\t\t\t\t<img fetchpriority=\"high\" decoding=\"async\" width=\"595\" height=\"842\" src=\"https:\/\/thog.is\/wp-content\/uploads\/2024\/12\/Astandsskyrsla-auglysing_1.png\" class=\"attachment-large size-large wp-image-1600\" alt=\"\" srcset=\"https:\/\/thog.is\/wp-content\/uploads\/2024\/12\/Astandsskyrsla-auglysing_1.png 595w, https:\/\/thog.is\/wp-content\/uploads\/2024\/12\/Astandsskyrsla-auglysing_1-212x300.png 212w\" sizes=\"(max-width: 595px) 100vw, 595px\" \/>\t\t\t\t\t\t\t\t\t\t\t\t\t\t\t<\/div>\n\t\t\t\t<\/div>\n\t\t\t\t<\/div>\n\t\t<div class=\"elementor-element elementor-element-c30bad5 e-con-full e-flex e-con e-child\" data-id=\"c30bad5\" data-element_type=\"container\" data-e-type=\"container\">\n\t\t<div class=\"elementor-element elementor-element-a5de09e e-con-full e-flex e-con e-child\" data-id=\"a5de09e\" data-element_type=\"container\" data-e-type=\"container\" data-settings=\"{&quot;background_background&quot;:&quot;classic&quot;}\">\n\t\t\t\t<div class=\"elementor-element elementor-element-3aef4e8 elementor-widget elementor-widget-text-editor\" data-id=\"3aef4e8\" data-element_type=\"widget\" data-e-type=\"widget\" data-widget_type=\"text-editor.default\">\n\t\t\t\t<div class=\"elementor-widget-container\">\n\t\t\t\t\t\t\t\t\t<p>XXX<\/p>\t\t\t\t\t\t\t\t<\/div>\n\t\t\t\t<\/div>\n\t\t\t\t<\/div>\n\t\t<div class=\"elementor-element elementor-element-2c94989 e-con-full e-flex e-con e-child\" data-id=\"2c94989\" data-element_type=\"container\" data-e-type=\"container\" data-settings=\"{&quot;background_background&quot;:&quot;classic&quot;}\">\n\t\t\t\t<\/div>\n\t\t\t\t<\/div>\n\t\t\t\t\t<\/div>\n\t\t\t\t<\/div>\n\t\t<div class=\"elementor-element elementor-element-35c75d6 e-flex e-con-boxed e-con e-parent\" data-id=\"35c75d6\" data-element_type=\"container\" data-e-type=\"container\">\n\t\t\t\t\t<div class=\"e-con-inner\">\n\t\t<div class=\"elementor-element elementor-element-6b52f0e e-con-full e-flex e-con e-child\" data-id=\"6b52f0e\" data-element_type=\"container\" data-e-type=\"container\">\n\t\t<div class=\"elementor-element elementor-element-897aa89 e-con-full e-flex e-con e-child\" data-id=\"897aa89\" data-element_type=\"container\" data-e-type=\"container\" data-settings=\"{&quot;background_background&quot;:&quot;classic&quot;}\">\n\t\t\t\t<div class=\"elementor-element elementor-element-3950b7b elementor-widget elementor-widget-text-editor\" data-id=\"3950b7b\" data-element_type=\"widget\" data-e-type=\"widget\" data-widget_type=\"text-editor.default\">\n\t\t\t\t<div class=\"elementor-widget-container\">\n\t\t\t\t\t\t\t\t\t<p><strong>XXX<\/strong><\/p>\t\t\t\t\t\t\t\t<\/div>\n\t\t\t\t<\/div>\n\t\t\t\t<\/div>\n\t\t<div class=\"elementor-element elementor-element-dba4f6d e-con-full e-flex e-con e-child\" data-id=\"dba4f6d\" data-element_type=\"container\" data-e-type=\"container\" data-settings=\"{&quot;background_background&quot;:&quot;classic&quot;}\">\n\t\t\t\t<\/div>\n\t\t\t\t<\/div>\n\t\t<div class=\"elementor-element elementor-element-b2811fc e-con-full e-flex e-con e-child\" data-id=\"b2811fc\" data-element_type=\"container\" data-e-type=\"container\">\n\t\t\t\t<div class=\"elementor-element elementor-element-ac4a4e5 elementor-widget elementor-widget-image\" data-id=\"ac4a4e5\" data-element_type=\"widget\" data-e-type=\"widget\" data-widget_type=\"image.default\">\n\t\t\t\t<div class=\"elementor-widget-container\">\n\t\t\t\t\t\t\t\t\t\t\t\t\t\t\t<img decoding=\"async\" width=\"1024\" height=\"1024\" src=\"https:\/\/thog.is\/wp-content\/uploads\/2024\/11\/meistaravellir.jpg\" class=\"attachment-large size-large wp-image-237\" alt=\"\" srcset=\"https:\/\/thog.is\/wp-content\/uploads\/2024\/11\/meistaravellir.jpg 1024w, https:\/\/thog.is\/wp-content\/uploads\/2024\/11\/meistaravellir-300x300.jpg 300w, https:\/\/thog.is\/wp-content\/uploads\/2024\/11\/meistaravellir-150x150.jpg 150w, https:\/\/thog.is\/wp-content\/uploads\/2024\/11\/meistaravellir-768x768.jpg 768w, https:\/\/thog.is\/wp-content\/uploads\/2024\/11\/meistaravellir-640x640.jpg 640w, https:\/\/thog.is\/wp-content\/uploads\/2024\/11\/meistaravellir-70x70.jpg 70w, https:\/\/thog.is\/wp-content\/uploads\/2024\/11\/meistaravellir-470x470.jpg 470w, https:\/\/thog.is\/wp-content\/uploads\/2024\/11\/meistaravellir-50x50.jpg 50w\" sizes=\"(max-width: 1024px) 100vw, 1024px\" \/>\t\t\t\t\t\t\t\t\t\t\t\t\t\t\t<\/div>\n\t\t\t\t<\/div>\n\t\t\t\t<\/div>\n\t\t\t\t\t<\/div>\n\t\t\t\t<\/div>\n\t\t<div class=\"elementor-element elementor-element-1acc61b e-flex e-con-boxed e-con e-parent\" data-id=\"1acc61b\" data-element_type=\"container\" data-e-type=\"container\">\n\t\t\t\t\t<div class=\"e-con-inner\">\n\t\t\t\t\t<\/div>\n\t\t\t\t<\/div>\n\t\t\t\t<\/div>\n\t\t","protected":false},"excerpt":{"rendered":"<p>\u00c1standsmat Oft er eitt of miklum fj\u00e1rmunum \u00ed vi\u00f0ger\u00f0i \u00feegar betur hef\u00f0i veri\u00f0 fari\u00f0 \u00ed endurn\u00fdjun. \u00deegar ekki er h\u00e6gt a\u00f0 fara \u00ed allar \u00e6skilegar<span class=\"more-button\"><a href=\"https:\/\/thog.is\/?page_id=1413\" class=\"more-link\">Lesa meira<span class=\"screen-reader-text\">\u00c1standssmat<\/span><\/a><\/span><\/p>\n","protected":false},"author":1,"featured_media":0,"parent":0,"menu_order":0,"comment_status":"closed","ping_status":"closed","template":"templates\/full-width-page.php","meta":{"footnotes":""},"class_list":["post-1413","page","type-page","status-publish","hentry"],"_links":{"self":[{"href":"https:\/\/thog.is\/index.php?rest_route=\/wp\/v2\/pages\/1413","targetHints":{"allow":["GET"]}}],"collection":[{"href":"https:\/\/thog.is\/index.php?rest_route=\/wp\/v2\/pages"}],"about":[{"href":"https:\/\/thog.is\/index.php?rest_route=\/wp\/v2\/types\/page"}],"author":[{"embeddable":true,"href":"https:\/\/thog.is\/index.php?rest_route=\/wp\/v2\/users\/1"}],"replies":[{"embeddable":true,"href":"https:\/\/thog.is\/index.php?rest_route=%2Fwp%2Fv2%2Fcomments&post=1413"}],"version-history":[{"count":49,"href":"https:\/\/thog.is\/index.php?rest_route=\/wp\/v2\/pages\/1413\/revisions"}],"predecessor-version":[{"id":2183,"href":"https:\/\/thog.is\/index.php?rest_route=\/wp\/v2\/pages\/1413\/revisions\/2183"}],"wp:attachment":[{"href":"https:\/\/thog.is\/index.php?rest_route=%2Fwp%2Fv2%2Fmedia&parent=1413"}],"curies":[{"name":"wp","href":"https:\/\/api.w.org\/{rel}","templated":true}]}}