{"id":1265,"date":"2024-12-12T15:57:13","date_gmt":"2024-12-12T15:57:13","guid":{"rendered":"https:\/\/thog.is\/?page_id=1265"},"modified":"2024-12-17T19:16:44","modified_gmt":"2024-12-17T19:16:44","slug":"treverk-utanhuss","status":"publish","type":"page","link":"https:\/\/thog.is\/?page_id=1265","title":{"rendered":"Tr\u00e9verk utanh\u00fass"},"content":{"rendered":"\t\t<div data-elementor-type=\"wp-page\" data-elementor-id=\"1265\" class=\"elementor elementor-1265\" data-elementor-post-type=\"page\">\n\t\t\t\t<div class=\"elementor-element elementor-element-09c71d8 e-flex e-con-boxed e-con e-parent\" data-id=\"09c71d8\" data-element_type=\"container\" data-e-type=\"container\">\n\t\t\t\t\t<div class=\"e-con-inner\">\n\t\t\t\t<div class=\"elementor-element elementor-element-e6d330e elementor-widget elementor-widget-text-editor\" data-id=\"e6d330e\" data-element_type=\"widget\" data-e-type=\"widget\" data-widget_type=\"text-editor.default\">\n\t\t\t\t<div class=\"elementor-widget-container\">\n\t\t\t\t\t\t\t\t\t<p>Tr\u00e9verk utanh\u00fass<\/p>\t\t\t\t\t\t\t\t<\/div>\n\t\t\t\t<\/div>\n\t\t\t\t\t<\/div>\n\t\t\t\t<\/div>\n\t\t<div class=\"elementor-element elementor-element-106ec61 e-flex e-con-boxed e-con e-parent\" data-id=\"106ec61\" data-element_type=\"container\" data-e-type=\"container\">\n\t\t\t\t\t<div class=\"e-con-inner\">\n\t\t<div class=\"elementor-element elementor-element-fe5fb61 e-con-full e-flex e-con e-child\" data-id=\"fe5fb61\" data-element_type=\"container\" data-e-type=\"container\">\n\t\t\t\t<div class=\"elementor-element elementor-element-1b47194 elementor-widget elementor-widget-image\" data-id=\"1b47194\" data-element_type=\"widget\" data-e-type=\"widget\" data-widget_type=\"image.default\">\n\t\t\t\t<div class=\"elementor-widget-container\">\n\t\t\t\t\t\t\t\t\t\t\t\t\t\t\t<img fetchpriority=\"high\" decoding=\"async\" width=\"1024\" height=\"683\" src=\"https:\/\/thog.is\/wp-content\/uploads\/2024\/12\/IMG_5615-1024x683.png\" class=\"attachment-large size-large wp-image-936\" alt=\"\" srcset=\"https:\/\/thog.is\/wp-content\/uploads\/2024\/12\/IMG_5615-1024x683.png 1024w, https:\/\/thog.is\/wp-content\/uploads\/2024\/12\/IMG_5615-300x200.png 300w, https:\/\/thog.is\/wp-content\/uploads\/2024\/12\/IMG_5615-768x512.png 768w, https:\/\/thog.is\/wp-content\/uploads\/2024\/12\/IMG_5615.png 1080w\" sizes=\"(max-width: 1024px) 100vw, 1024px\" \/>\t\t\t\t\t\t\t\t\t\t\t\t\t\t\t<\/div>\n\t\t\t\t<\/div>\n\t\t\t\t<\/div>\n\t\t<div class=\"elementor-element elementor-element-91e5f8f e-con-full e-flex e-con e-child\" data-id=\"91e5f8f\" data-element_type=\"container\" data-e-type=\"container\">\n\t\t<div class=\"elementor-element elementor-element-36bcdcb e-con-full e-flex e-con e-child\" data-id=\"36bcdcb\" data-element_type=\"container\" data-e-type=\"container\" data-settings=\"{&quot;background_background&quot;:&quot;classic&quot;}\">\n\t\t\t\t<div class=\"elementor-element elementor-element-416daad elementor-widget elementor-widget-text-editor\" data-id=\"416daad\" data-element_type=\"widget\" data-e-type=\"widget\" data-widget_type=\"text-editor.default\">\n\t\t\t\t<div class=\"elementor-widget-container\">\n\t\t\t\t\t\t\t\t\t<p>Gagngerar endurb\u00e6tur<\/p>\t\t\t\t\t\t\t\t<\/div>\n\t\t\t\t<\/div>\n\t\t\t\t<\/div>\n\t\t<div class=\"elementor-element elementor-element-34b2cd2 e-con-full e-flex e-con e-child\" data-id=\"34b2cd2\" data-element_type=\"container\" data-e-type=\"container\" data-settings=\"{&quot;background_background&quot;:&quot;classic&quot;}\">\n\t\t\t\t<\/div>\n\t\t\t\t<\/div>\n\t\t\t\t\t<\/div>\n\t\t\t\t<\/div>\n\t\t<div class=\"elementor-element elementor-element-5eb67b7 e-flex e-con-boxed e-con e-parent\" data-id=\"5eb67b7\" data-element_type=\"container\" data-e-type=\"container\">\n\t\t\t\t\t<div class=\"e-con-inner\">\n\t\t<div class=\"elementor-element elementor-element-5ba79ff e-con-full e-flex e-con e-child\" data-id=\"5ba79ff\" data-element_type=\"container\" data-e-type=\"container\">\n\t\t<div class=\"elementor-element elementor-element-11fd1f6 e-con-full e-flex e-con e-child\" data-id=\"11fd1f6\" data-element_type=\"container\" data-e-type=\"container\" data-settings=\"{&quot;background_background&quot;:&quot;classic&quot;}\">\n\t\t\t\t<div class=\"elementor-element elementor-element-01c7047 elementor-widget elementor-widget-text-editor\" data-id=\"01c7047\" data-element_type=\"widget\" data-e-type=\"widget\" data-widget_type=\"text-editor.default\">\n\t\t\t\t<div class=\"elementor-widget-container\">\n\t\t\t\t\t\t\t\t\t<p>Gagngerar endurb\u00e6tur<\/p>\t\t\t\t\t\t\t\t<\/div>\n\t\t\t\t<\/div>\n\t\t\t\t<\/div>\n\t\t<div class=\"elementor-element elementor-element-ce1ccd0 e-con-full e-flex e-con e-child\" data-id=\"ce1ccd0\" data-element_type=\"container\" data-e-type=\"container\" data-settings=\"{&quot;background_background&quot;:&quot;classic&quot;}\">\n\t\t\t\t<\/div>\n\t\t\t\t<\/div>\n\t\t<div class=\"elementor-element elementor-element-f8f572e e-con-full e-flex e-con e-child\" data-id=\"f8f572e\" data-element_type=\"container\" data-e-type=\"container\">\n\t\t\t\t<div class=\"elementor-element elementor-element-9b17ab4 elementor-widget elementor-widget-image\" data-id=\"9b17ab4\" data-element_type=\"widget\" data-e-type=\"widget\" data-widget_type=\"image.default\">\n\t\t\t\t<div class=\"elementor-widget-container\">\n\t\t\t\t\t\t\t\t\t\t\t\t\t\t\t<img decoding=\"async\" width=\"1024\" height=\"683\" src=\"https:\/\/thog.is\/wp-content\/uploads\/2024\/12\/IMG_5637-1024x683.png\" class=\"attachment-large size-large wp-image-932\" alt=\"\" srcset=\"https:\/\/thog.is\/wp-content\/uploads\/2024\/12\/IMG_5637-1024x683.png 1024w, https:\/\/thog.is\/wp-content\/uploads\/2024\/12\/IMG_5637-300x200.png 300w, https:\/\/thog.is\/wp-content\/uploads\/2024\/12\/IMG_5637-768x512.png 768w, https:\/\/thog.is\/wp-content\/uploads\/2024\/12\/IMG_5637.png 1080w\" sizes=\"(max-width: 1024px) 100vw, 1024px\" \/>\t\t\t\t\t\t\t\t\t\t\t\t\t\t\t<\/div>\n\t\t\t\t<\/div>\n\t\t\t\t<\/div>\n\t\t\t\t\t<\/div>\n\t\t\t\t<\/div>\n\t\t<div class=\"elementor-element elementor-element-792da0e e-flex e-con-boxed e-con e-parent\" data-id=\"792da0e\" data-element_type=\"container\" data-e-type=\"container\">\n\t\t\t\t\t<div class=\"e-con-inner\">\n\t\t<div class=\"elementor-element elementor-element-abcfe4b e-con-full e-flex e-con e-child\" data-id=\"abcfe4b\" data-element_type=\"container\" data-e-type=\"container\">\n\t\t\t\t<div class=\"elementor-element elementor-element-dffe461 elementor-widget elementor-widget-image\" data-id=\"dffe461\" data-element_type=\"widget\" data-e-type=\"widget\" data-widget_type=\"image.default\">\n\t\t\t\t<div class=\"elementor-widget-container\">\n\t\t\t\t\t\t\t\t\t\t\t\t\t\t\t<img decoding=\"async\" width=\"1024\" height=\"683\" src=\"https:\/\/thog.is\/wp-content\/uploads\/2024\/11\/sersmidi-1024x683.png\" class=\"attachment-large size-large wp-image-520\" alt=\"\" srcset=\"https:\/\/thog.is\/wp-content\/uploads\/2024\/11\/sersmidi-1024x683.png 1024w, https:\/\/thog.is\/wp-content\/uploads\/2024\/11\/sersmidi-300x200.png 300w, https:\/\/thog.is\/wp-content\/uploads\/2024\/11\/sersmidi-768x512.png 768w, https:\/\/thog.is\/wp-content\/uploads\/2024\/11\/sersmidi.png 1080w\" sizes=\"(max-width: 1024px) 100vw, 1024px\" \/>\t\t\t\t\t\t\t\t\t\t\t\t\t\t\t<\/div>\n\t\t\t\t<\/div>\n\t\t\t\t<\/div>\n\t\t<div class=\"elementor-element elementor-element-abcc5fb e-con-full e-flex e-con e-child\" data-id=\"abcc5fb\" data-element_type=\"container\" data-e-type=\"container\">\n\t\t<div class=\"elementor-element elementor-element-902321c e-con-full e-flex e-con e-child\" data-id=\"902321c\" data-element_type=\"container\" data-e-type=\"container\" data-settings=\"{&quot;background_background&quot;:&quot;classic&quot;}\">\n\t\t\t\t<div class=\"elementor-element elementor-element-c8da2be elementor-widget elementor-widget-text-editor\" data-id=\"c8da2be\" data-element_type=\"widget\" data-e-type=\"widget\" data-widget_type=\"text-editor.default\">\n\t\t\t\t<div class=\"elementor-widget-container\">\n\t\t\t\t\t\t\t\t\t<p>S\u00e9rsm\u00ed\u00f0i af \u00f6llum ger\u00f0um<\/p>\t\t\t\t\t\t\t\t<\/div>\n\t\t\t\t<\/div>\n\t\t\t\t<\/div>\n\t\t<div class=\"elementor-element elementor-element-c548313 e-con-full e-flex e-con e-child\" data-id=\"c548313\" data-element_type=\"container\" data-e-type=\"container\" data-settings=\"{&quot;background_background&quot;:&quot;classic&quot;}\">\n\t\t\t\t<\/div>\n\t\t\t\t<\/div>\n\t\t\t\t\t<\/div>\n\t\t\t\t<\/div>\n\t\t<div class=\"elementor-element elementor-element-b920836 e-flex e-con-boxed e-con e-parent\" data-id=\"b920836\" data-element_type=\"container\" data-e-type=\"container\">\n\t\t\t\t\t<div class=\"e-con-inner\">\n\t\t<div class=\"elementor-element elementor-element-fba9e7a e-con-full e-flex e-con e-child\" data-id=\"fba9e7a\" data-element_type=\"container\" data-e-type=\"container\">\n\t\t\t\t<div class=\"elementor-element elementor-element-6ab907c elementor-widget elementor-widget-image\" data-id=\"6ab907c\" data-element_type=\"widget\" data-e-type=\"widget\" data-widget_type=\"image.default\">\n\t\t\t\t<div class=\"elementor-widget-container\">\n\t\t\t\t\t\t\t\t\t\t\t\t\t\t\t<img loading=\"lazy\" decoding=\"async\" width=\"1024\" height=\"683\" src=\"https:\/\/thog.is\/wp-content\/uploads\/2024\/12\/20150804_160507-1024x683.png\" class=\"attachment-large size-large wp-image-1656\" alt=\"\" srcset=\"https:\/\/thog.is\/wp-content\/uploads\/2024\/12\/20150804_160507-1024x683.png 1024w, https:\/\/thog.is\/wp-content\/uploads\/2024\/12\/20150804_160507-300x200.png 300w, https:\/\/thog.is\/wp-content\/uploads\/2024\/12\/20150804_160507-768x512.png 768w, https:\/\/thog.is\/wp-content\/uploads\/2024\/12\/20150804_160507.png 1080w\" sizes=\"(max-width: 1024px) 100vw, 1024px\" \/>\t\t\t\t\t\t\t\t\t\t\t\t\t\t\t<\/div>\n\t\t\t\t<\/div>\n\t\t\t\t<\/div>\n\t\t<div class=\"elementor-element elementor-element-ba155ff e-con-full e-flex e-con e-child\" data-id=\"ba155ff\" data-element_type=\"container\" data-e-type=\"container\">\n\t\t\t\t<div class=\"elementor-element elementor-element-a11e82f elementor-widget elementor-widget-image\" data-id=\"a11e82f\" data-element_type=\"widget\" data-e-type=\"widget\" data-widget_type=\"image.default\">\n\t\t\t\t<div class=\"elementor-widget-container\">\n\t\t\t\t\t\t\t\t\t\t\t\t\t\t\t<img loading=\"lazy\" decoding=\"async\" width=\"1024\" height=\"683\" src=\"https:\/\/thog.is\/wp-content\/uploads\/2024\/12\/20150804_160525-1024x683.png\" class=\"attachment-large size-large wp-image-1657\" alt=\"\" srcset=\"https:\/\/thog.is\/wp-content\/uploads\/2024\/12\/20150804_160525-1024x683.png 1024w, https:\/\/thog.is\/wp-content\/uploads\/2024\/12\/20150804_160525-300x200.png 300w, https:\/\/thog.is\/wp-content\/uploads\/2024\/12\/20150804_160525-768x512.png 768w, https:\/\/thog.is\/wp-content\/uploads\/2024\/12\/20150804_160525.png 1080w\" sizes=\"(max-width: 1024px) 100vw, 1024px\" \/>\t\t\t\t\t\t\t\t\t\t\t\t\t\t\t<\/div>\n\t\t\t\t<\/div>\n\t\t\t\t<\/div>\n\t\t\t\t\t<\/div>\n\t\t\t\t<\/div>\n\t\t<div class=\"elementor-element elementor-element-873477c e-flex e-con-boxed e-con e-parent\" data-id=\"873477c\" data-element_type=\"container\" data-e-type=\"container\">\n\t\t\t\t\t<div class=\"e-con-inner\">\n\t\t\t\t\t<\/div>\n\t\t\t\t<\/div>\n\t\t\t\t<\/div>\n\t\t","protected":false},"excerpt":{"rendered":"<p>Tr\u00e9verk utanh\u00fass Gagngerar endurb\u00e6tur Gagngerar endurb\u00e6tur S\u00e9rsm\u00ed\u00f0i af \u00f6llum ger\u00f0um<\/p>\n","protected":false},"author":1,"featured_media":0,"parent":0,"menu_order":0,"comment_status":"closed","ping_status":"closed","template":"templates\/full-width-page.php","meta":{"footnotes":""},"class_list":["post-1265","page","type-page","status-publish","hentry"],"_links":{"self":[{"href":"https:\/\/thog.is\/index.php?rest_route=\/wp\/v2\/pages\/1265","targetHints":{"allow":["GET"]}}],"collection":[{"href":"https:\/\/thog.is\/index.php?rest_route=\/wp\/v2\/pages"}],"about":[{"href":"https:\/\/thog.is\/index.php?rest_route=\/wp\/v2\/types\/page"}],"author":[{"embeddable":true,"href":"https:\/\/thog.is\/index.php?rest_route=\/wp\/v2\/users\/1"}],"replies":[{"embeddable":true,"href":"https:\/\/thog.is\/index.php?rest_route=%2Fwp%2Fv2%2Fcomments&post=1265"}],"version-history":[{"count":34,"href":"https:\/\/thog.is\/index.php?rest_route=\/wp\/v2\/pages\/1265\/revisions"}],"predecessor-version":[{"id":2162,"href":"https:\/\/thog.is\/index.php?rest_route=\/wp\/v2\/pages\/1265\/revisions\/2162"}],"wp:attachment":[{"href":"https:\/\/thog.is\/index.php?rest_route=%2Fwp%2Fv2%2Fmedia&parent=1265"}],"curies":[{"name":"wp","href":"https:\/\/api.w.org\/{rel}","templated":true}]}}